{"id":5667,"date":"2021-10-01T14:38:38","date_gmt":"2021-10-01T13:38:38","guid":{"rendered":"https:\/\/thecomptoir.com\/fr\/?post_type=product&#038;p=5667"},"modified":"2025-03-25T14:08:33","modified_gmt":"2025-03-25T13:08:33","slug":"broderie-sur-bois-embroidery-on-wood-cuterus","status":"publish","type":"product","link":"https:\/\/thecomptoir.com\/fr\/produit\/broderie-sur-bois-embroidery-on-wood-cuterus\/","title":{"rendered":"Kit de broderie Cuterus &#8211; Broderie sur bois"},"content":{"rendered":"<p><strong>This kit is available in English and in French.<\/strong><\/p>\n<p><strong>Ce kit est disponible en anglais et en fran\u00e7ais<\/strong><\/p>\n<h4>In English<\/h4>\n<p>If you already know my work, I am sure you know my \u00ab\u00a0cuterus\u00a0\u00bb embroideries. I started to make them when life became harder for women, in USA (when I used to live there) but also in so many other countries. First I made a traditional embroidery kit (still available in my Etsy shop) and now I am also making this kit to be made on an engraved (by myself) wooden disk.<\/p>\n<h4>About this kit<\/h4>\n<p>Making these embroideries and kits, it\u2019s my way to protest against all these new and so old in the same way laws who are making women\u2019s lives so hard. It\u2019s my way to support all women and their rights. I made it for all women, the mothers, the women who decided not being a mother, young girls who deserve a beautiful future, the women who lost a child, the women who want so hard being a mother.<\/p>\n<p>This kit is fitting for beginners. You are going to find all the explanations you need in the booklet coming with the kit.<\/p>\n<h4>In this kit<\/h4>\n<p>In your kit, you will find everything you need to make your Cuterus on wood embroidery:<\/p>\n<p>1x4in engraved disk of wood<br \/>\n1 embroidery needle<br \/>\n3 different embroidery floss<br \/>\nan online step-by-step tutorial<\/p>\n<h3>En Fran\u00e7ais<\/h3>\n<p>Si vous connaissez mon travail, vous savez que ce design est vraiment ma marque de fabrique et je ne compte plus le nombre de fois que je l\u2019ai brod\u00e9. J&rsquo;ai d&rsquo;abord cr\u00e9\u00e9 un kit de broderie \u00ab\u00a0traditionnel\u00a0\u00bb pour broder sur tissu, mais j&rsquo;avais envie de pouvoir proposer autre chose, de moins attendu peut-\u00eatre : la broderie sur bois.<br \/>\nCe kit est fait pour r\u00e9aliser une broderie \u201ccuterus\u201d contraction du mot \u201ccute\u201d (mignon en anglais) et uterus. Ce kit est mon moyen d\u2019afficher en douceur mon attachement \u00e0 la f\u00e9minit\u00e9, au f\u00e9minisme et \u00e0 ce combat que je m\u00e8ne au quotidien en faveur du droit des femmes.<\/p>\n<p>Dans ce kit vous trouverez tout ce dont vous aurez besoin pour r\u00e9aliser ce projet :<\/p>\n<ul>\n<li>1 disque en bois grav\u00e9 (par mes soins) de 10cm<\/li>\n<li>1 aiguille \u00e0 broder<\/li>\n<li>3 couleurs de fil \u00e0 broder<\/li>\n<li>l&rsquo;acc\u00e8s \u00e0 un tutoriel en ligne pour vous aider \u00e0 r\u00e9aliser ce projet<\/li>\n<\/ul>\n","protected":false},"excerpt":{"rendered":"[embed]https:\/\/www.youtube.com\/watch?v=etHHeVIKiiI&#038;t=17s&#038;ab_channel=EliseTheComptoir[\/embed]\n","protected":false},"featured_media":5670,"comment_status":"open","ping_status":"closed","template":"","meta":{"jetpack_post_was_ever_published":false,"jetpack_publicize_message":"","jetpack_publicize_feature_enabled":true,"jetpack_social_post_already_shared":true,"jetpack_social_options":{"image_generator_settings":{"template":"highway","default_image_id":0,"font":"","enabled":false},"version":2}},"product_brand":[],"product_cat":[1598],"product_tag":[1529,1424,1527,1367,1381,1528],"class_list":{"0":"post-5667","1":"product","2":"type-product","3":"status-publish","4":"has-post-thumbnail","6":"product_cat-projets-sur-bois","7":"product_tag-broderie-sur-bois","8":"product_tag-craft-kit","9":"product_tag-cuterus","10":"product_tag-diy","11":"product_tag-embroidery-kit","12":"product_tag-embroidery-on-wood","14":"first","15":"instock","16":"purchasable","17":"product-type-simple"},"jetpack_publicize_connections":[],"jetpack_sharing_enabled":true,"_links":{"self":[{"href":"https:\/\/thecomptoir.com\/fr\/wp-json\/wp\/v2\/product\/5667","targetHints":{"allow":["GET"]}}],"collection":[{"href":"https:\/\/thecomptoir.com\/fr\/wp-json\/wp\/v2\/product"}],"about":[{"href":"https:\/\/thecomptoir.com\/fr\/wp-json\/wp\/v2\/types\/product"}],"replies":[{"embeddable":true,"href":"https:\/\/thecomptoir.com\/fr\/wp-json\/wp\/v2\/comments?post=5667"}],"wp:featuredmedia":[{"embeddable":true,"href":"https:\/\/thecomptoir.com\/fr\/wp-json\/wp\/v2\/media\/5670"}],"wp:attachment":[{"href":"https:\/\/thecomptoir.com\/fr\/wp-json\/wp\/v2\/media?parent=5667"}],"wp:term":[{"taxonomy":"product_brand","embeddable":true,"href":"https:\/\/thecomptoir.com\/fr\/wp-json\/wp\/v2\/product_brand?post=5667"},{"taxonomy":"product_cat","embeddable":true,"href":"https:\/\/thecomptoir.com\/fr\/wp-json\/wp\/v2\/product_cat?post=5667"},{"taxonomy":"product_tag","embeddable":true,"href":"https:\/\/thecomptoir.com\/fr\/wp-json\/wp\/v2\/product_tag?post=5667"}],"curies":[{"name":"wp","href":"https:\/\/api.w.org\/{rel}","templated":true}]}}