{"id":5648,"date":"2021-09-27T19:41:50","date_gmt":"2021-09-27T18:41:50","guid":{"rendered":"https:\/\/thecomptoir.com\/fr\/?post_type=product&#038;p=5648"},"modified":"2026-02-16T14:35:25","modified_gmt":"2026-02-16T13:35:25","slug":"triple-learning-embroidery-kit-triple-kit-dapprentissage-de-broderie","status":"publish","type":"product","link":"https:\/\/thecomptoir.com\/fr\/produit\/triple-learning-embroidery-kit-triple-kit-dapprentissage-de-broderie\/","title":{"rendered":"Kit d&rsquo;apprentissage de broderie triple"},"content":{"rendered":"<p>Kit available in English &amp; French.<\/p>\n<h4>En Fran\u00e7ais<\/h4>\n<p>Ce projet est n\u00e9 apr\u00e8s de nombreux ateliers que j\u2019ai fait pour les d\u00e9butants.<br \/>\nApr\u00e8s avoir essay\u00e9 de nombreuses fa\u00e7ons de donner \u00e0 mes \u00e9l\u00e8ves tous mes secrets et conseils pour commencer la broderie, j\u2019ai cr\u00e9\u00e9 le kit de broderie pour d\u00e9butant, aussi disponible sur ma boutique.<br \/>\nPuis j&rsquo;ai voulu proposer davantage de points de broderie \u00e0 apprendre. C&rsquo;est pourquoi j&rsquo;ai cr\u00e9\u00e9 les kits doubles, puis le triple et vous trouverez m\u00eame le quadruple en fouillant dans mon shop.<br \/>\nCe kit convient aux d\u00e9butants ou si vous voulez d\u00e9couvrir plus de points de broderie. Vous allez apprendre \u00e0 faire 30 points de broderie. Vous trouverez toutes les explications dont vous avez besoin dans les livrets qui accompagnent ce kit.<\/p>\n<p>Ce kit de broderie comprend :<\/p>\n<p>3 cercles de broderie de 12,7 cm<br \/>\n3 mod\u00e8les imprim\u00e9s sur tissu pour apprendre les different points de broderie<br \/>\n2 aiguilles<br \/>\n1 \u00e9pingle<br \/>\n9 fils \u00e0 broder DMC (nuances de bleu, vert et rose)<br \/>\n3 livrets de 20, 24 et 28 pages agr\u00e9ment\u00e9 de photos afin de vous guider dans la r\u00e9alisation de ce projet (imprim\u00e9 ou PDF)<\/p>\n<h4>In English<\/h4>\n<p>This project is born after many workshops I did for beginners. Each of the kit (basics, Advanced &amp; botanic) are reunited here in on super big kit! But all of them are also available separately in my Etsy shop.<\/p>\n<p>After trying many ways to give to my students all my secrets and tips to start embroidery, I created these three templates.<\/p>\n<p>This kit is fitting for beginners but also for advanced fiber lovers that would like to discover more stitches. You are going to learn how to make 30 embroidery stitches. You will find all explanations you need in the booklet or the PDF coming with the kit. My advice is to start with the basic embroidery project, then the two others.<\/p>\n<p>-About this kit<br \/>\nThis kit is to make one Basics embroidery, one Advanced embroidery and and one botanical embroidery.<\/p>\n<p>With the Basic embroidery kit, you are going to learn 10 stitches. With the Advanced embroidery kit, you are going to learn 11 stitches. With the botanical embroidery kit, you are going to learn 10 stitches. One stitch (Lazy daisy) is the only stitch that is in both basics and advanced kits and the Feston stitch is in both botanical and advanced kits.<\/p>\n<p>-This Triple kit includes:<\/p>\n<p>3 5\u2033 embroidery hoop<br \/>\n3 printed template on cotton fabric<br \/>\n2 needle (2 sizes)<br \/>\n1 pin<br \/>\n9 full floss (3 shades of pink, 3 of blue 3 of green)<br \/>\n3 20-pages, 24-pages and 28-pages booklets (printed or PDF)<\/p>\n","protected":false},"excerpt":{"rendered":"[embed]https:\/\/youtu.be\/sF6khjiINuM[\/embed]\n","protected":false},"featured_media":6630,"comment_status":"open","ping_status":"closed","template":"","meta":{"jetpack_post_was_ever_published":false,"jetpack_publicize_message":"","jetpack_publicize_feature_enabled":true,"jetpack_social_post_already_shared":true,"jetpack_social_options":{"image_generator_settings":{"template":"highway","default_image_id":0,"font":"","enabled":false},"version":2}},"product_brand":[],"product_cat":[1595],"product_tag":[601,1403,1424,1367,506,1381,1382,1487,1521],"class_list":{"0":"post-5648","1":"product","2":"type-product","3":"status-publish","4":"has-post-thumbnail","6":"product_cat-projets-dapprentissage","7":"product_tag-broderie","8":"product_tag-craft","9":"product_tag-craft-kit","10":"product_tag-diy","11":"product_tag-embroidery","12":"product_tag-embroidery-kit","13":"product_tag-for-beginners","14":"product_tag-kit-de-broderie","15":"product_tag-pour-debutant","16":"product_shipping_class-colissimo","18":"first","19":"instock","20":"purchasable","21":"product-type-variable"},"jetpack_publicize_connections":[],"jetpack_sharing_enabled":true,"_links":{"self":[{"href":"https:\/\/thecomptoir.com\/fr\/wp-json\/wp\/v2\/product\/5648","targetHints":{"allow":["GET"]}}],"collection":[{"href":"https:\/\/thecomptoir.com\/fr\/wp-json\/wp\/v2\/product"}],"about":[{"href":"https:\/\/thecomptoir.com\/fr\/wp-json\/wp\/v2\/types\/product"}],"replies":[{"embeddable":true,"href":"https:\/\/thecomptoir.com\/fr\/wp-json\/wp\/v2\/comments?post=5648"}],"wp:featuredmedia":[{"embeddable":true,"href":"https:\/\/thecomptoir.com\/fr\/wp-json\/wp\/v2\/media\/6630"}],"wp:attachment":[{"href":"https:\/\/thecomptoir.com\/fr\/wp-json\/wp\/v2\/media?parent=5648"}],"wp:term":[{"taxonomy":"product_brand","embeddable":true,"href":"https:\/\/thecomptoir.com\/fr\/wp-json\/wp\/v2\/product_brand?post=5648"},{"taxonomy":"product_cat","embeddable":true,"href":"https:\/\/thecomptoir.com\/fr\/wp-json\/wp\/v2\/product_cat?post=5648"},{"taxonomy":"product_tag","embeddable":true,"href":"https:\/\/thecomptoir.com\/fr\/wp-json\/wp\/v2\/product_tag?post=5648"}],"curies":[{"name":"wp","href":"https:\/\/api.w.org\/{rel}","templated":true}]}}