{"id":5582,"date":"2021-06-24T13:29:13","date_gmt":"2021-06-24T12:29:13","guid":{"rendered":"https:\/\/thecomptoir.com\/fr\/?post_type=product&#038;p=5582"},"modified":"2026-02-16T14:49:22","modified_gmt":"2026-02-16T13:49:22","slug":"mon-herbier-brode-kit-de-broderie-xxl","status":"publish","type":"product","link":"https:\/\/thecomptoir.com\/fr\/produit\/mon-herbier-brode-kit-de-broderie-xxl\/","title":{"rendered":"Kit de broderie Mon Herbier brod\u00e9"},"content":{"rendered":"<p>This kit is available in English or in French.<\/p>\n<p>Ce kit est disponible en fran\u00e7ais ou en anglais<\/p>\n<p>&nbsp;<\/p>\n<h2>In English<\/h2>\n<p>This is an embroidery kit, including everything you need to complete your project. Thanks to this kit you are going to learn 6 embroidery stitches. All the explanations, from A to Z are coming in a 24 pages booklet. The booklet can be printed or PDF. It&rsquo;s going to explain everything you need to know from how to put the fabric in the hoop to how finish the back.<br \/>\nThis project can fit for beginners even if it&rsquo;s an ambitious project. If you are looking for more beginners friendly kits, please take a look to my shop I have many options to learn embroidery.<\/p>\n<p>The language on the fabric is going to be the same as the language of the booklet : french or english.<\/p>\n<p>This kit includes :<\/p>\n<ul>\n<li>2 embroidery needles<\/li>\n<li><span style=\"font-family: -apple-system, BlinkMacSystemFont, 'Segoe UI', Roboto, Oxygen-Sans, Ubuntu, Cantarell, 'Helvetica Neue', sans-serif;\">1 9&Prime;\/22cm embroidery hoop<\/span><\/li>\n<li>3 full embroidery flosses + 7 other colors of thread<\/li>\n<li>1 template printed on premium white cotton fabric<\/li>\n<li>a 24 pages booklet (printed or PDF)<\/li>\n<li>my business card to contact me for any questions!<\/li>\n<\/ul>\n<p>Please feel free to contact me before purchasing for any questions.<\/p>\n<p>&nbsp;<\/p>\n<h2>En Fran\u00e7ais<\/h2>\n<p>Ce kit de broderie contient tout ce dont vous avez besoin pour mener \u00e0 bien votre projet. Vous pourrez apprendre 6 points de broderie, dont la moiti\u00e9 ne figure dans aucun de mes autres kits. Toutes les explications dont vous aurez besoin pour broder cet herbier se trouve dans le livret de 24 pages inclus dans ce kit. Vous pouvez choisir de recevoir le livret imprim\u00e9 sur papier ou d\u00e9mat\u00e9rialis\u00e9 en format PDF. Vous y trouverez toutes les informations n\u00e9cessaires en commen\u00e7ant par \u00ab\u00a0comment placer le tissu dans le tambour\u00a0\u00bb \u00e0 \u00ab\u00a0comment finir le dos de la broderie\u00a0\u00bb.<\/p>\n<p>Ce kit conviendra aux d\u00e9butants.es mais aussi aux personnes plus \u00e0 l&rsquo;aise en broderie. Ce kit est disponible en anglais ou en fran\u00e7ais.<\/p>\n<p>Ce kit contient :<\/p>\n<ul>\n<li>2 aiguilles \u00e0 broder<\/li>\n<li>1 tambour de 23 cm<\/li>\n<li>3 \u00e9chevettes de fil \u00e0 broder compl\u00e8tes + 7 autres couleurs de fil<\/li>\n<li>1 photo imprim\u00e9e sur tissu \u00e0 broder<\/li>\n<li>1 livret explicatif de 24 pages<\/li>\n<li>ma carte de visite pour me contacter en cas de question<\/li>\n<\/ul>\n<p>N&rsquo;h\u00e9sitez pas \u00e0 me contacter avant ou apr\u00e8s avoir pass\u00e9 votre commande.<\/p>\n","protected":false},"excerpt":{"rendered":"[embed]https:\/\/www.youtube.com\/watch?v=eI7UYm7PHRA&#038;t=4s&#038;ab_channel=EliseTheComptoir[\/embed]\n","protected":false},"featured_media":8125,"comment_status":"open","ping_status":"closed","template":"","meta":{"jetpack_post_was_ever_published":false,"jetpack_publicize_message":"","jetpack_publicize_feature_enabled":true,"jetpack_social_post_already_shared":true,"jetpack_social_options":{"image_generator_settings":{"template":"highway","default_image_id":0,"font":"","enabled":false},"version":2}},"product_brand":[],"product_cat":[1594],"product_tag":[601,506,1381,1523,1524,1487,1522,1521],"class_list":{"0":"post-5582","1":"product","2":"type-product","3":"status-publish","4":"has-post-thumbnail","6":"product_cat-projets-guides","7":"product_tag-broderie","8":"product_tag-embroidery","9":"product_tag-embroidery-kit","10":"product_tag-herbarium","11":"product_tag-herbier","12":"product_tag-kit-de-broderie","13":"product_tag-plant-lover","14":"product_tag-pour-debutant","16":"first","17":"instock","18":"purchasable","19":"product-type-variable"},"jetpack_publicize_connections":[],"jetpack_sharing_enabled":true,"_links":{"self":[{"href":"https:\/\/thecomptoir.com\/fr\/wp-json\/wp\/v2\/product\/5582","targetHints":{"allow":["GET"]}}],"collection":[{"href":"https:\/\/thecomptoir.com\/fr\/wp-json\/wp\/v2\/product"}],"about":[{"href":"https:\/\/thecomptoir.com\/fr\/wp-json\/wp\/v2\/types\/product"}],"replies":[{"embeddable":true,"href":"https:\/\/thecomptoir.com\/fr\/wp-json\/wp\/v2\/comments?post=5582"}],"wp:featuredmedia":[{"embeddable":true,"href":"https:\/\/thecomptoir.com\/fr\/wp-json\/wp\/v2\/media\/8125"}],"wp:attachment":[{"href":"https:\/\/thecomptoir.com\/fr\/wp-json\/wp\/v2\/media?parent=5582"}],"wp:term":[{"taxonomy":"product_brand","embeddable":true,"href":"https:\/\/thecomptoir.com\/fr\/wp-json\/wp\/v2\/product_brand?post=5582"},{"taxonomy":"product_cat","embeddable":true,"href":"https:\/\/thecomptoir.com\/fr\/wp-json\/wp\/v2\/product_cat?post=5582"},{"taxonomy":"product_tag","embeddable":true,"href":"https:\/\/thecomptoir.com\/fr\/wp-json\/wp\/v2\/product_tag?post=5582"}],"curies":[{"name":"wp","href":"https:\/\/api.w.org\/{rel}","templated":true}]}}