{"id":5498,"date":"2021-05-01T08:58:57","date_gmt":"2021-05-01T07:58:57","guid":{"rendered":"https:\/\/thecomptoir.com\/fr\/?post_type=product&#038;p=5498"},"modified":"2026-02-16T14:59:16","modified_gmt":"2026-02-16T13:59:16","slug":"follow-your-heart-embroidery-kit","status":"publish","type":"product","link":"https:\/\/thecomptoir.com\/fr\/produit\/follow-your-heart-embroidery-kit\/","title":{"rendered":"Kit de broderie Suivez votre coeur"},"content":{"rendered":"<h4>In English<\/h4>\n<p>This kit is can fit for beginners but more for advanced fiber lovers that already know this craft. The booklet coming in the kit is going to teach you 3 embroidery stitches. You will find all explanations you need in this booklet, you can choose to receive it printed or PDF. My advice is to start with my basic embroidery kit before making this one if you are not comfortable with embroidery technics. This kit is to make a free project, there is not a predefined design on the fabric, you can create everything you want! That&rsquo;s why it&rsquo;s maybe not the best option for a very first embroidery project.<\/p>\n<p>This kit includes:<\/p>\n<ul>\n<li>1 5\u2033 embroidery hoop<\/li>\n<li>1 printed picture on cotton fabric<\/li>\n<li>1 needle<\/li>\n<li>5 embroidery flosses<\/li>\n<li>1 booklets (printed or PDF)<\/li>\n<\/ul>\n<p>&nbsp;<\/p>\n<h4>En fran\u00e7ais<\/h4>\n<p>Ce kit peut convenir aux d\u00e9butants mais il conviendra mieux aux personnes qui sont d\u00e9j\u00e0 un peu \u00e0 l&rsquo;aise en broderie. Le livret qui accompagne ce kit vous expliquera tout de m\u00eame 3 points de base. Toutes les explications dont vous aurez besoin sont \u00e0 retrouver dans ce livret, \u00e0 vous de choisir si vous pr\u00e9f\u00e9rez l&rsquo;avoir en version papier ou en version PDF au moment de passer votre commande.<\/p>\n<p>Si vous n&rsquo;avez jamais fait de broderie, je vous conseille de commencer par mon kit des points de base par exemple. Ce kit est donc fait pour r\u00e9aliser un projet libre, il n&rsquo;y a aucune indication ou design pr\u00e9d\u00e9fini d&rsquo;imprim\u00e9 sur le tissu. Donc lancez-vous et soyez cr\u00e9atif!<\/p>\n<p>&nbsp;<\/p>\n<p>Ce kit contient :<\/p>\n<ul>\n<li>1 tambour \u00e0 broder de 13 cm<\/li>\n<li>1 photo imprim\u00e9e sur tissu<\/li>\n<li>1 aiguille \u00e0 broder<\/li>\n<li>5 fils \u00e0 broder<\/li>\n<li>1 livret (imprim\u00e9 ou PDF)<\/li>\n<\/ul>\n<p>&nbsp;<\/p>\n<p>&nbsp;<\/p>\n","protected":false},"excerpt":{"rendered":"[embed]https:\/\/www.youtube.com\/watch?v=mtBM5tigS2U[\/embed]\n<p>This kit is available in French or in English.<\/p>\n<p>Ce kit est disponible en fran\u00e7ais ou en anglais.<\/p>\n","protected":false},"featured_media":8092,"comment_status":"open","ping_status":"closed","template":"","meta":{"jetpack_post_was_ever_published":false,"jetpack_publicize_message":"","jetpack_publicize_feature_enabled":true,"jetpack_social_post_already_shared":true,"jetpack_social_options":{"image_generator_settings":{"template":"highway","default_image_id":0,"font":"","enabled":false},"version":2}},"product_brand":[],"product_cat":[1593],"product_tag":[1513,1514,1381,1512],"class_list":{"0":"post-5498","1":"product","2":"type-product","3":"status-publish","4":"has-post-thumbnail","6":"product_cat-projets-libres","7":"product_tag-anatomic-embroidery","8":"product_tag-anatomy","9":"product_tag-embroidery-kit","10":"product_tag-sacred-heart","12":"first","13":"instock","14":"purchasable","15":"product-type-variable"},"jetpack_publicize_connections":[],"jetpack_sharing_enabled":true,"_links":{"self":[{"href":"https:\/\/thecomptoir.com\/fr\/wp-json\/wp\/v2\/product\/5498","targetHints":{"allow":["GET"]}}],"collection":[{"href":"https:\/\/thecomptoir.com\/fr\/wp-json\/wp\/v2\/product"}],"about":[{"href":"https:\/\/thecomptoir.com\/fr\/wp-json\/wp\/v2\/types\/product"}],"replies":[{"embeddable":true,"href":"https:\/\/thecomptoir.com\/fr\/wp-json\/wp\/v2\/comments?post=5498"}],"wp:featuredmedia":[{"embeddable":true,"href":"https:\/\/thecomptoir.com\/fr\/wp-json\/wp\/v2\/media\/8092"}],"wp:attachment":[{"href":"https:\/\/thecomptoir.com\/fr\/wp-json\/wp\/v2\/media?parent=5498"}],"wp:term":[{"taxonomy":"product_brand","embeddable":true,"href":"https:\/\/thecomptoir.com\/fr\/wp-json\/wp\/v2\/product_brand?post=5498"},{"taxonomy":"product_cat","embeddable":true,"href":"https:\/\/thecomptoir.com\/fr\/wp-json\/wp\/v2\/product_cat?post=5498"},{"taxonomy":"product_tag","embeddable":true,"href":"https:\/\/thecomptoir.com\/fr\/wp-json\/wp\/v2\/product_tag?post=5498"}],"curies":[{"name":"wp","href":"https:\/\/api.w.org\/{rel}","templated":true}]}}