{"id":5476,"date":"2021-04-21T18:02:45","date_gmt":"2021-04-21T17:02:45","guid":{"rendered":"https:\/\/thecomptoir.com\/fr\/?post_type=product&#038;p=5476"},"modified":"2025-12-10T21:06:34","modified_gmt":"2025-12-10T20:06:34","slug":"macrame-rainbow-embroidery-kit-2","status":"publish","type":"product","link":"https:\/\/thecomptoir.com\/fr\/produit\/macrame-rainbow-embroidery-kit-2\/","title":{"rendered":"Kit de broderie Macrame Arc-en-ciel"},"content":{"rendered":"<h4>En fran\u00e7ais<\/h4>\n<p>Si comme moi vous aimez faire de la broderie Et des arc-en-ciel en macram\u00e9, ce kit DIY est fait pour vous.<br \/>\nCe projet est tr\u00e8s simple \u00e0 r\u00e9alise et tr\u00e8s ludique, il conviendra parfaitement aux d\u00e9butants comme au plus aguerris.<br \/>\nCe kit contient :<\/p>\n<p>-1 cercle \u00e0 broder (4&Prime; &#8211; 10cm)<br \/>\n-3 couleurs de fil \u00e0 broder (3 nuances de bleu, de rose ou de vert)<br \/>\n-1 aiguille \u00e0 broder<br \/>\n-1 morceau de tissu naturel en coton<br \/>\n-ma carte de visite pour que vous puissiez me joindre en cas de questions<br \/>\n-un tutoriel en ligne sur mon site pour pouvoir vous accompagner tout au long de la r\u00e9alisation de votre projet<\/p>\n<p>N&rsquo;h\u00e9sitez pas \u00e0 me contacter pour n&rsquo;importe quelle question : thecomptoir@gmail.com<\/p>\n<h4>In English<\/h4>\n<p>If like me you love making embroideries AND macrame rainbows, this kit is made for you!<br \/>\nThis project is pretty easy and can fit for beginners.<br \/>\nThis kit includes:<\/p>\n<p>-1 embroidery hoop (4&Prime; &#8211; 10cm)<br \/>\n-3 colors of embroidery flosses (blues, pinks or greens)<br \/>\n-1 embroidery needle<br \/>\n-1 piece of solid beige cotton fabric<br \/>\n-my business card for any questions<br \/>\n-an online tutorial to help you making your project<\/p>\n<p>Feel free to contact me for any questions: thecomptoir@gmail.com<\/p>\n<p>&nbsp;<\/p>\n","protected":false},"excerpt":{"rendered":"[embed]https:\/\/www.youtube.com\/watch?v=6AWrcqIB5Dw&#038;t=7s&#038;ab_channel=EliseTheComptoir[\/embed]\n","protected":false},"featured_media":5471,"comment_status":"open","ping_status":"closed","template":"","meta":{"jetpack_post_was_ever_published":false,"jetpack_publicize_message":"","jetpack_publicize_feature_enabled":true,"jetpack_social_post_already_shared":true,"jetpack_social_options":{"image_generator_settings":{"template":"highway","default_image_id":0,"font":"","enabled":false},"version":2}},"product_brand":[],"product_cat":[1597],"product_tag":[],"class_list":{"0":"post-5476","1":"product","2":"type-product","3":"status-publish","4":"has-post-thumbnail","6":"product_cat-mini-kits","7":"product_shipping_class-lettre","9":"first","10":"instock","11":"purchasable","12":"product-type-variable"},"jetpack_publicize_connections":[],"jetpack_sharing_enabled":true,"_links":{"self":[{"href":"https:\/\/thecomptoir.com\/fr\/wp-json\/wp\/v2\/product\/5476","targetHints":{"allow":["GET"]}}],"collection":[{"href":"https:\/\/thecomptoir.com\/fr\/wp-json\/wp\/v2\/product"}],"about":[{"href":"https:\/\/thecomptoir.com\/fr\/wp-json\/wp\/v2\/types\/product"}],"replies":[{"embeddable":true,"href":"https:\/\/thecomptoir.com\/fr\/wp-json\/wp\/v2\/comments?post=5476"}],"wp:featuredmedia":[{"embeddable":true,"href":"https:\/\/thecomptoir.com\/fr\/wp-json\/wp\/v2\/media\/5471"}],"wp:attachment":[{"href":"https:\/\/thecomptoir.com\/fr\/wp-json\/wp\/v2\/media?parent=5476"}],"wp:term":[{"taxonomy":"product_brand","embeddable":true,"href":"https:\/\/thecomptoir.com\/fr\/wp-json\/wp\/v2\/product_brand?post=5476"},{"taxonomy":"product_cat","embeddable":true,"href":"https:\/\/thecomptoir.com\/fr\/wp-json\/wp\/v2\/product_cat?post=5476"},{"taxonomy":"product_tag","embeddable":true,"href":"https:\/\/thecomptoir.com\/fr\/wp-json\/wp\/v2\/product_tag?post=5476"}],"curies":[{"name":"wp","href":"https:\/\/api.w.org\/{rel}","templated":true}]}}