{"id":5196,"date":"2021-03-01T18:03:24","date_gmt":"2021-03-01T17:03:24","guid":{"rendered":"https:\/\/thecomptoir.com\/fr\/?post_type=product&#038;p=5196"},"modified":"2026-02-16T15:11:07","modified_gmt":"2026-02-16T14:11:07","slug":"my-heroes-mini-embroidery-kit","status":"publish","type":"product","link":"https:\/\/thecomptoir.com\/fr\/produit\/my-heroes-mini-embroidery-kit\/","title":{"rendered":"Kit de broderie Mes H\u00e9ro\u00efnes &#8211; mini kit"},"content":{"rendered":"<p>Cette s\u00e9rie de mini kits de broderie a \u00e9t\u00e9 cr\u00e9\u00e9e pour rendre honneur \u00e0 des pionni\u00e8res qui ont inspir\u00e9es des g\u00e9n\u00e9rations de femmes.<\/p>\n<p>Ce kit contient :<\/p>\n<ul>\n<li>1 tambour \u00e0 broder (Royaume-Uni)<\/li>\n<li>1 \u00e9chevette de fil \u00e0 broder (France)<\/li>\n<li>1 aiguille \u00e0 broder (France)<\/li>\n<li>1 photo imprim\u00e9e sur de la popeline de coton biologique (France)<\/li>\n<li>1 tutoriel pour r\u00e9aliser ce projet comprenant une vid\u00e9o (QR code d&rsquo;acc\u00e8s et mot de passe compris dans le kit)<\/li>\n<\/ul>\n<p>Le lien d&rsquo;acc\u00e8s au tutoriel : <a href=\"https:\/\/thecomptoir.com\/fr\/armoire\/broderie\/tutorial\/heroes-embroidery-kit-4842\/\">https:\/\/thecomptoir.com\/fr\/armoire\/broderie\/tutorial\/heroes-embroidery-kit-4842\/<\/a><\/p>\n<p>Toutes les h\u00e9ro\u00efnes disponibles sont :<\/p>\n<ul>\n<li>Ruth Bader Guinsberg<\/li>\n<li>Frida Kahlo<\/li>\n<li>Diana Spencer<\/li>\n<li>Angela Davis<\/li>\n<li>Alice Guy<\/li>\n<li>Gis\u00e8le Halimi<\/li>\n<li>Simone de Beauvoir<\/li>\n<li>Elizabeth II<\/li>\n<li>Marie Curie<\/li>\n<li>Zendaya<\/li>\n<li>Christiane Taubira<\/li>\n<li>Simone Veil<\/li>\n<li>Jos\u00e9phine Baker<\/li>\n<li>Amanda Gorman<\/li>\n<li>Maud Stevens Wagner<\/li>\n<li>Jane Fonda<\/li>\n<li>Nina Simone<\/li>\n<li>Emma Watson<\/li>\n<li>Greta Thunberg<\/li>\n<li>Agn\u00e8s Varda<\/li>\n<li>Sarah Bernhardt<\/li>\n<\/ul>\n<p>Ajouter une note \u00e0 votre commande pour sp\u00e9cifier quelle h\u00e9ro\u00efne vous d\u00e9sirez, si elle n&rsquo;est pas disponible dans le menu d\u00e9roulant, faites de m\u00eame pour la couleur du fil.<\/p>\n<h4>in English<\/h4>\n<p>This series is inspired by the most important women for me, i want to show their auras who are still around them and inspired generations of women.<\/p>\n<p>This mini kit is coming with everything you need to make your project:<\/p>\n<ul>\n<li>1 embroidery hoop<\/li>\n<li>1 full embroidery floss<\/li>\n<li>1 embroidery needle<\/li>\n<li>1 printed pieces of organic cotton<\/li>\n<li>an exclusive blog post with all explanations you need (password included inside your kit)<\/li>\n<\/ul>\n<p>This is the link to access to the tutorial:<br \/>\n<a href=\"https:\/\/thecomptoir.com\/fr\/armoire\/broderie\/tutorial\/heroes-embroidery-kit-4842\/\">https:\/\/thecomptoir.com\/fr\/armoire\/broderie\/tutorial\/heroes-embroidery-kit-4842\/<\/a><\/p>\n<p>For this embroidery, be sure to select the size and the person. If you want a specific color for the thread, please add a note to your order.<\/p>\n<ul>\n<li>Ruth Bader Guinsberg<\/li>\n<li>Diana Spencer<\/li>\n<li>Angela Davis<\/li>\n<li>Alice Guy<\/li>\n<li>Gis\u00e8le Halimi<\/li>\n<li>Simone de Beauvoir<\/li>\n<li>Elizabeth II<\/li>\n<li>Marie Curie<\/li>\n<li>Zendaya<\/li>\n<li>Christiane Taubira<\/li>\n<li>Simone Veil<\/li>\n<li>Jos\u00e9phine Baker<\/li>\n<li>Amanda Gorman<\/li>\n<li>Maud Stevens Wagner<\/li>\n<li>Jane Fonda<\/li>\n<li>Nina Simone<\/li>\n<li>Greta Thunberg<\/li>\n<li>Agn\u00e8s Varda<\/li>\n<li>Sarah Bernhardt<\/li>\n<\/ul>\n<p>Add a note to your order to specify which heroes you want to purchase.<\/p>\n","protected":false},"excerpt":{"rendered":"[embed]https:\/\/www.youtube.com\/watch?v=CplJGSxkjC0&#038;t=215s&#038;ab_channel=EliseTheComptoir[\/embed]\n<p>This kit is available in French or English<\/p>\n<p>Ce kit est disponible en fran\u00e7ais ou en anglais<\/p>\n","protected":false},"featured_media":5888,"comment_status":"open","ping_status":"closed","template":"","meta":{"jetpack_post_was_ever_published":false,"jetpack_publicize_message":"","jetpack_publicize_feature_enabled":true,"jetpack_social_post_already_shared":true,"jetpack_social_options":{"image_generator_settings":{"template":"highway","default_image_id":0,"font":"","enabled":false},"version":2}},"product_brand":[],"product_cat":[1597],"product_tag":[1367,1381,1501,1499,1500],"class_list":{"0":"post-5196","1":"product","2":"type-product","3":"status-publish","4":"has-post-thumbnail","6":"product_cat-mini-kits","7":"product_tag-diy","8":"product_tag-embroidery-kit","9":"product_tag-kamala-harris","10":"product_tag-politic","11":"product_tag-rbg","12":"product_shipping_class-lettre","14":"first","15":"instock","16":"purchasable","17":"product-type-variable"},"jetpack_publicize_connections":[],"jetpack_sharing_enabled":true,"_links":{"self":[{"href":"https:\/\/thecomptoir.com\/fr\/wp-json\/wp\/v2\/product\/5196","targetHints":{"allow":["GET"]}}],"collection":[{"href":"https:\/\/thecomptoir.com\/fr\/wp-json\/wp\/v2\/product"}],"about":[{"href":"https:\/\/thecomptoir.com\/fr\/wp-json\/wp\/v2\/types\/product"}],"replies":[{"embeddable":true,"href":"https:\/\/thecomptoir.com\/fr\/wp-json\/wp\/v2\/comments?post=5196"}],"wp:featuredmedia":[{"embeddable":true,"href":"https:\/\/thecomptoir.com\/fr\/wp-json\/wp\/v2\/media\/5888"}],"wp:attachment":[{"href":"https:\/\/thecomptoir.com\/fr\/wp-json\/wp\/v2\/media?parent=5196"}],"wp:term":[{"taxonomy":"product_brand","embeddable":true,"href":"https:\/\/thecomptoir.com\/fr\/wp-json\/wp\/v2\/product_brand?post=5196"},{"taxonomy":"product_cat","embeddable":true,"href":"https:\/\/thecomptoir.com\/fr\/wp-json\/wp\/v2\/product_cat?post=5196"},{"taxonomy":"product_tag","embeddable":true,"href":"https:\/\/thecomptoir.com\/fr\/wp-json\/wp\/v2\/product_tag?post=5196"}],"curies":[{"name":"wp","href":"https:\/\/api.w.org\/{rel}","templated":true}]}}