{"id":4988,"date":"2021-01-22T10:17:25","date_gmt":"2021-01-22T09:17:25","guid":{"rendered":"https:\/\/thecomptoir.com\/fr\/?post_type=product&#038;p=4988"},"modified":"2026-02-16T14:50:23","modified_gmt":"2026-02-16T13:50:23","slug":"girls-voice-embroidery-kit","status":"publish","type":"product","link":"https:\/\/thecomptoir.com\/fr\/produit\/girls-voice-embroidery-kit\/","title":{"rendered":"Kit de broderie &#8211; Girls voices"},"content":{"rendered":"<p>This kit is available in English or French.<br \/>\nCe kit est disponible en anglais ou en Fran\u00e7ais.<\/p>\n<h4>In English<\/h4>\n<p>I made this embroidery for the first time in June 2019. In 2020, we all know what happened here in USA and in the all world. Women need support and justice, black people need support and justice. I know this kit is not going to change anything, but at least, making this embroidery can give you enough time to think, to learn, to watch anything about what&rsquo;s happening, and how you can help. To give more visibility and motivation I decided to turn this embroidery as a kit. At the end of the booklet coming with this kit, you&rsquo;ll find a list of Black embroidery artist to support and follow.<\/p>\n<p>In your kit, you will find everything you need to make your \u00ab\u00a0The Future is female\u00a0\u00bb embroidery:<\/p>\n<p>&#8211; 1x5in embroidery hoops<br \/>\n&#8211; 1 printed pieces of cotton fabric<br \/>\n&#8211; 1 embroidery needles<br \/>\n&#8211; 3 different embroidery floss<br \/>\n&#8211; 1 booklet with pictures and explanations to make it!<\/p>\n<p>This kit is beginner-friendly, but it can also fit to more adventurous stitchers!<br \/>\nYou are going to learn and use five embroidery stitches: the French knot, the Back Stitch &amp; the whipped backstitch, the lazy daisy stitch, the Ribbed Spider or Rose Stitch and. You will find all explanations you need in this booklet.<\/p>\n<p>If you have any question before purchasing your kit, please contact me: thecomptoir@gmail.com<\/p>\n<h4>En Fran\u00e7ais<\/h4>\n<p>J&rsquo;ai fait cette broderie pour la premi\u00e8re fois en juin 2019. En 2020, avec le mouvement Black lives matter aux \u00c9tats-Unis, o\u00f9 j&rsquo;habitais, j&rsquo;ai voulu apporter ma petite pierre \u00e0 ce combat en soutenant ce mouvement tout en transmettant ma passion pour la broderie.<\/p>\n<p>Ce kit comprend:<br \/>\n-1 cercle \u00e0 broder des 12,5 cm<br \/>\n-1 photo \u00e0 broder imprim\u00e9e sur tissu<br \/>\n-1 aiguille \u00e0 broder<br \/>\n-3 couleurs de fil \u00e0 broder<br \/>\n-1 livret explicatif pour vous accompagner dans la r\u00e9alisation de ce projet<\/p>\n<p>Ce kit conviendra tr\u00e8s bien aux d\u00e9butants.es, mais \u00e9galement \u00e0 celleux qui sont d\u00e9j\u00e0 \u00e0 l&rsquo;aise pour broder.<br \/>\nDans le livret, vous trouver les explications pour apprendre 5 points de broderie : le point de noeud, le point arri\u00e8re et le point arri\u00e8re surjet\u00e9, le point de bouclette et le point d&rsquo;araign\u00e9e.<\/p>\n","protected":false},"excerpt":{"rendered":"[embed]https:\/\/www.youtube.com\/watch?v=70R8fmy_Pa0&#038;t=670s[\/embed]\n","protected":false},"featured_media":6660,"comment_status":"open","ping_status":"closed","template":"","meta":{"jetpack_post_was_ever_published":false,"jetpack_publicize_message":"","jetpack_publicize_feature_enabled":true,"jetpack_social_post_already_shared":true,"jetpack_social_options":{"image_generator_settings":{"template":"highway","default_image_id":0,"font":"","enabled":false},"version":2}},"product_brand":[],"product_cat":[1594],"product_tag":[1367,1489,1364,1487,1488],"class_list":{"0":"post-4988","1":"product","2":"type-product","3":"status-publish","4":"has-post-thumbnail","6":"product_cat-projets-guides","7":"product_tag-diy","8":"product_tag-feminism","9":"product_tag-kit","10":"product_tag-kit-de-broderie","11":"product_tag-loisirs-creatifs","13":"first","14":"instock","15":"featured","16":"purchasable","17":"product-type-simple"},"jetpack_publicize_connections":[],"jetpack_sharing_enabled":true,"_links":{"self":[{"href":"https:\/\/thecomptoir.com\/fr\/wp-json\/wp\/v2\/product\/4988","targetHints":{"allow":["GET"]}}],"collection":[{"href":"https:\/\/thecomptoir.com\/fr\/wp-json\/wp\/v2\/product"}],"about":[{"href":"https:\/\/thecomptoir.com\/fr\/wp-json\/wp\/v2\/types\/product"}],"replies":[{"embeddable":true,"href":"https:\/\/thecomptoir.com\/fr\/wp-json\/wp\/v2\/comments?post=4988"}],"wp:featuredmedia":[{"embeddable":true,"href":"https:\/\/thecomptoir.com\/fr\/wp-json\/wp\/v2\/media\/6660"}],"wp:attachment":[{"href":"https:\/\/thecomptoir.com\/fr\/wp-json\/wp\/v2\/media?parent=4988"}],"wp:term":[{"taxonomy":"product_brand","embeddable":true,"href":"https:\/\/thecomptoir.com\/fr\/wp-json\/wp\/v2\/product_brand?post=4988"},{"taxonomy":"product_cat","embeddable":true,"href":"https:\/\/thecomptoir.com\/fr\/wp-json\/wp\/v2\/product_cat?post=4988"},{"taxonomy":"product_tag","embeddable":true,"href":"https:\/\/thecomptoir.com\/fr\/wp-json\/wp\/v2\/product_tag?post=4988"}],"curies":[{"name":"wp","href":"https:\/\/api.w.org\/{rel}","templated":true}]}}