{"id":4984,"date":"2021-01-22T10:00:09","date_gmt":"2021-01-22T09:00:09","guid":{"rendered":"https:\/\/thecomptoir.com\/fr\/?post_type=product&#038;p=4984"},"modified":"2026-02-16T15:03:50","modified_gmt":"2026-02-16T14:03:50","slug":"la-femme-au-bouquet-kit-de-broderie","status":"publish","type":"product","link":"https:\/\/thecomptoir.com\/fr\/produit\/la-femme-au-bouquet-kit-de-broderie\/","title":{"rendered":"Kit de broderie La femme au bouquet"},"content":{"rendered":"<p>Ce produit est un kit de broderie comprenant tout ce dont vous avez besoin pour finaliser votre projet. Il se d\u00e9cline en deux mod\u00e8les diff\u00e9rents, celui-ci ou la femme au paravent.<\/p>\n<p>Ce kit contient :<br \/>\n\u2013 un cercle \u00e0 broder de 13 cm (5\u2033)<br \/>\n\u2013 une aiguille \u00e0 broder<br \/>\n\u2013 un tissu imprim\u00e9 au choix entre les deux options<br \/>\n\u2013 4 couleurs de fil<br \/>\n\u2013 un livret explicatif couvrant tout ce que vous devez savoir<\/p>\n<p>Ce projet est un projet libre, ce qui veut dire que c\u2019est \u00e0 vous de d\u00e9cider ce que vous allez broder sur le tissu. Vous pouvez suivre l\u2019exemple de ce que j\u2019ai fait ou faire quelque chose de compl\u00e8tement diff\u00e9rent. Ce projet convient au d\u00e9butants qui auraient d\u00e9j\u00e0 fait un ou deux projets au pr\u00e9alable ou aux brodeurs plus exp\u00e9riment\u00e9s.<\/p>\n<p>Pour toute question, n\u2019h\u00e9sitez pas \u00e0 me contacter avant de passer commande.<\/p>\n<p>THIS KIT IS AVAILABLE IN FRENCH &amp; ENGLISH<\/p>\n","protected":false},"excerpt":{"rendered":"[embed]https:\/\/www.youtube.com\/watch?v=79-tqKHOW-0&#038;t=4s&#038;ab_channel=EliseTheComptoir[\/embed]\n","protected":false},"featured_media":8090,"comment_status":"open","ping_status":"closed","template":"","meta":{"jetpack_post_was_ever_published":false,"jetpack_publicize_message":"","jetpack_publicize_feature_enabled":true,"jetpack_social_post_already_shared":true,"jetpack_social_options":{"image_generator_settings":{"template":"highway","default_image_id":0,"font":"","enabled":false},"version":2}},"product_brand":[],"product_cat":[1593],"product_tag":[1486,1485,601,1367,1487,1488],"class_list":{"0":"post-4984","1":"product","2":"type-product","3":"status-publish","4":"has-post-thumbnail","6":"product_cat-projets-libres","7":"product_tag-30s","8":"product_tag-annees-30","9":"product_tag-broderie","10":"product_tag-diy","11":"product_tag-kit-de-broderie","12":"product_tag-loisirs-creatifs","13":"product_shipping_class-lettre","15":"first","16":"instock","17":"featured","18":"purchasable","19":"product-type-simple"},"jetpack_publicize_connections":[],"jetpack_sharing_enabled":true,"_links":{"self":[{"href":"https:\/\/thecomptoir.com\/fr\/wp-json\/wp\/v2\/product\/4984","targetHints":{"allow":["GET"]}}],"collection":[{"href":"https:\/\/thecomptoir.com\/fr\/wp-json\/wp\/v2\/product"}],"about":[{"href":"https:\/\/thecomptoir.com\/fr\/wp-json\/wp\/v2\/types\/product"}],"replies":[{"embeddable":true,"href":"https:\/\/thecomptoir.com\/fr\/wp-json\/wp\/v2\/comments?post=4984"}],"wp:featuredmedia":[{"embeddable":true,"href":"https:\/\/thecomptoir.com\/fr\/wp-json\/wp\/v2\/media\/8090"}],"wp:attachment":[{"href":"https:\/\/thecomptoir.com\/fr\/wp-json\/wp\/v2\/media?parent=4984"}],"wp:term":[{"taxonomy":"product_brand","embeddable":true,"href":"https:\/\/thecomptoir.com\/fr\/wp-json\/wp\/v2\/product_brand?post=4984"},{"taxonomy":"product_cat","embeddable":true,"href":"https:\/\/thecomptoir.com\/fr\/wp-json\/wp\/v2\/product_cat?post=4984"},{"taxonomy":"product_tag","embeddable":true,"href":"https:\/\/thecomptoir.com\/fr\/wp-json\/wp\/v2\/product_tag?post=4984"}],"curies":[{"name":"wp","href":"https:\/\/api.w.org\/{rel}","templated":true}]}}