{"id":4979,"date":"2021-01-22T09:55:47","date_gmt":"2021-01-22T08:55:47","guid":{"rendered":"https:\/\/thecomptoir.com\/fr\/?post_type=product&#038;p=4979"},"modified":"2026-02-16T15:04:09","modified_gmt":"2026-02-16T14:04:09","slug":"la-femme-au-paravent-kit-de-broderie","status":"publish","type":"product","link":"https:\/\/thecomptoir.com\/fr\/produit\/la-femme-au-paravent-kit-de-broderie\/","title":{"rendered":"Kit de broderie La femme au paravent"},"content":{"rendered":"<p>Ce produit est un kit de broderie comprenant tout ce dont vous avez besoin pour finaliser votre projet. Il se d\u00e9cline en deux mod\u00e8les diff\u00e9rents, celui-ci ou la femme au bouquet.<\/p>\n<p>Ce kit contient :<br \/>\n&#8211; un cercle \u00e0 broder de 13 cm (5&Prime;)<br \/>\n&#8211; une aiguille \u00e0 broder<br \/>\n&#8211; un tissu imprim\u00e9 au choix entre les deux options<br \/>\n&#8211; 4 couleurs de fil<br \/>\n&#8211; un livret explicatif couvrant tout ce que vous devez savoir<\/p>\n<p>Ce projet est un projet libre, ce qui veut dire que c&rsquo;est \u00e0 vous de d\u00e9cider ce que vous allez broder sur le tissu. Vous pouvez suivre l&rsquo;exemple de ce que j&rsquo;ai fait ou faire quelque chose de compl\u00e8tement diff\u00e9rent. Ce projet convient au d\u00e9butants qui auraient d\u00e9j\u00e0 fait un ou deux projets au pr\u00e9alable ou aux brodeurs plus exp\u00e9riment\u00e9s.<\/p>\n<p>Pour toute question, n&rsquo;h\u00e9sitez pas \u00e0 me contacter avant de passer commande.<\/p>\n","protected":false},"excerpt":{"rendered":"<p>Ce produit est un kit de broderie comprenant tout ce dont vous avez besoin pour finaliser votre projet. Il se d\u00e9cline en deux mod\u00e8les diff\u00e9rents, celui-ci ou la femme au [&hellip;]<\/p>\n","protected":false},"featured_media":8091,"comment_status":"open","ping_status":"closed","template":"","meta":{"jetpack_post_was_ever_published":false,"jetpack_publicize_message":"","jetpack_publicize_feature_enabled":true,"jetpack_social_post_already_shared":true,"jetpack_social_options":{"image_generator_settings":{"template":"highway","default_image_id":0,"font":"","enabled":false},"version":2}},"product_brand":[],"product_cat":[1593],"product_tag":[1486,1485,601,1367,1487,1488],"class_list":{"0":"post-4979","1":"product","2":"type-product","3":"status-publish","4":"has-post-thumbnail","6":"product_cat-projets-libres","7":"product_tag-30s","8":"product_tag-annees-30","9":"product_tag-broderie","10":"product_tag-diy","11":"product_tag-kit-de-broderie","12":"product_tag-loisirs-creatifs","13":"product_shipping_class-lettre","15":"first","16":"instock","17":"purchasable","18":"product-type-simple"},"jetpack_publicize_connections":[],"jetpack_sharing_enabled":true,"_links":{"self":[{"href":"https:\/\/thecomptoir.com\/fr\/wp-json\/wp\/v2\/product\/4979","targetHints":{"allow":["GET"]}}],"collection":[{"href":"https:\/\/thecomptoir.com\/fr\/wp-json\/wp\/v2\/product"}],"about":[{"href":"https:\/\/thecomptoir.com\/fr\/wp-json\/wp\/v2\/types\/product"}],"replies":[{"embeddable":true,"href":"https:\/\/thecomptoir.com\/fr\/wp-json\/wp\/v2\/comments?post=4979"}],"wp:featuredmedia":[{"embeddable":true,"href":"https:\/\/thecomptoir.com\/fr\/wp-json\/wp\/v2\/media\/8091"}],"wp:attachment":[{"href":"https:\/\/thecomptoir.com\/fr\/wp-json\/wp\/v2\/media?parent=4979"}],"wp:term":[{"taxonomy":"product_brand","embeddable":true,"href":"https:\/\/thecomptoir.com\/fr\/wp-json\/wp\/v2\/product_brand?post=4979"},{"taxonomy":"product_cat","embeddable":true,"href":"https:\/\/thecomptoir.com\/fr\/wp-json\/wp\/v2\/product_cat?post=4979"},{"taxonomy":"product_tag","embeddable":true,"href":"https:\/\/thecomptoir.com\/fr\/wp-json\/wp\/v2\/product_tag?post=4979"}],"curies":[{"name":"wp","href":"https:\/\/api.w.org\/{rel}","templated":true}]}}