{"id":4959,"date":"2021-01-11T11:00:10","date_gmt":"2021-01-11T10:00:10","guid":{"rendered":"https:\/\/thecomptoir.com\/fr\/?post_type=product&#038;p=4959"},"modified":"2026-02-16T14:40:29","modified_gmt":"2026-02-16T13:40:29","slug":"advanced-embroidery-kit","status":"publish","type":"product","link":"https:\/\/thecomptoir.com\/fr\/produit\/advanced-embroidery-kit\/","title":{"rendered":"Kit d&rsquo;apprentissage de la broderie avanc\u00e9"},"content":{"rendered":"<p class=\"p1\">This project is born after many introductory workshops I did for beginners.<\/p>\n<p class=\"p1\">After trying many ways to give to my students all my secrets and tips to start embroidery, I created this template.<\/p>\n<p class=\"p1\">This kit is fitting for beginners or if you want to discover more stitches. You are going to learn how to make ten embroidery stitches. You will find all explanations you need in this booklet.<\/p>\n<h4>About this kit<\/h4>\n<p class=\"p1\">This kit is to make one embroidery.<\/p>\n<p class=\"p1\">You will learn and improve your embroidery skills in making two different kinds of stitches: line stitches and more ornamental stitches.<\/p>\n<h4>In this kit<\/h4>\n<p>This embroidery kit includes:<\/p>\n<ul>\n<li>one 5\u2033 embroidery hoop<\/li>\n<li>one printed template on cotton fabric<\/li>\n<li>1 needle<\/li>\n<li>3 full embroidery floss<\/li>\n<li>and a 24-pages booklet<\/li>\n<\/ul>\n<h4>More\u2026<\/h4>\n<p>This kit also exist in a double kit with the basic embroidery kit <a href=\"https:\/\/thecomptoir.com\/fr\/produit\/double-embroidery-kit\/\">HERE<\/a>.<\/p>\n<p>DISPONIBLE EN FRAN\u00c7AIS, ANGLAIS, ALLEMAND et PORTUGAIS<\/p>\n<p>AVAILABLE IN FRENCH, ENGLISH, GERMAN and PORTUGUESE<\/p>\n<p>&nbsp;<\/p>\n<h4>En Fran\u00e7ais<\/h4>\n<p>Ce projet est un compl\u00e9ment \u00e0 mon kit de broderie des points de base. Je propose \u00e9galement un kit double avec le kit des points de base et le kit des points avanc\u00e9s.<br \/>\nCe kit convient donc aux d\u00e9butants mais aussi \u00e0 celleux qui ont d\u00e9j\u00e0 quelques notions et souhaitent se perfectionner. Gr\u00e2ce \u00e0 ce kit, vous apprendrez 10 points de broderie.<br \/>\nToutes les explications dont vous aurez besoin se trouve dans le livret de 24 pages compris dans le kit. Il contient \u00e9galement tout le mat\u00e9riel dont vous aurez besoin :<\/p>\n<p>-1 tambour \u00e0 broder de 13cm<br \/>\n-1 patron \u00e0 broder imprim\u00e9 sur tissu<br \/>\n-1 aiguille \u00e0 broder<br \/>\n-3 \u00e9chevettes de fil \u00e0 broder<br \/>\n-1 livret explicatif<\/p>\n<p>N&rsquo;h\u00e9sitez pas \u00e0 me contacter pour n&rsquo;importe quelle question : thecomptoir@gmail.com<\/p>\n","protected":false},"excerpt":{"rendered":"<p>This project is born after many introductory workshops I did for beginners. After trying many ways to give to my students all my secrets and tips to start embroidery, I [&hellip;]<\/p>\n","protected":false},"featured_media":6632,"comment_status":"open","ping_status":"closed","template":"","meta":{"jetpack_post_was_ever_published":false,"jetpack_publicize_message":"","jetpack_publicize_feature_enabled":true,"jetpack_social_post_already_shared":true,"jetpack_social_options":{"image_generator_settings":{"template":"highway","default_image_id":0,"font":"","enabled":false},"version":2}},"product_brand":[],"product_cat":[1595],"product_tag":[1481,1403,1367,506,1364],"class_list":{"0":"post-4959","1":"product","2":"type-product","3":"status-publish","4":"has-post-thumbnail","6":"product_cat-projets-dapprentissage","7":"product_tag-advanced","8":"product_tag-craft","9":"product_tag-diy","10":"product_tag-embroidery","11":"product_tag-kit","13":"first","14":"instock","15":"featured","16":"purchasable","17":"product-type-variable"},"jetpack_publicize_connections":[],"jetpack_sharing_enabled":true,"_links":{"self":[{"href":"https:\/\/thecomptoir.com\/fr\/wp-json\/wp\/v2\/product\/4959","targetHints":{"allow":["GET"]}}],"collection":[{"href":"https:\/\/thecomptoir.com\/fr\/wp-json\/wp\/v2\/product"}],"about":[{"href":"https:\/\/thecomptoir.com\/fr\/wp-json\/wp\/v2\/types\/product"}],"replies":[{"embeddable":true,"href":"https:\/\/thecomptoir.com\/fr\/wp-json\/wp\/v2\/comments?post=4959"}],"wp:featuredmedia":[{"embeddable":true,"href":"https:\/\/thecomptoir.com\/fr\/wp-json\/wp\/v2\/media\/6632"}],"wp:attachment":[{"href":"https:\/\/thecomptoir.com\/fr\/wp-json\/wp\/v2\/media?parent=4959"}],"wp:term":[{"taxonomy":"product_brand","embeddable":true,"href":"https:\/\/thecomptoir.com\/fr\/wp-json\/wp\/v2\/product_brand?post=4959"},{"taxonomy":"product_cat","embeddable":true,"href":"https:\/\/thecomptoir.com\/fr\/wp-json\/wp\/v2\/product_cat?post=4959"},{"taxonomy":"product_tag","embeddable":true,"href":"https:\/\/thecomptoir.com\/fr\/wp-json\/wp\/v2\/product_tag?post=4959"}],"curies":[{"name":"wp","href":"https:\/\/api.w.org\/{rel}","templated":true}]}}