{"id":4656,"date":"2020-05-28T20:39:18","date_gmt":"2020-05-28T19:39:18","guid":{"rendered":"https:\/\/thecomptoir.com\/fr\/?post_type=product&#038;p=4656"},"modified":"2026-02-16T14:50:41","modified_gmt":"2026-02-16T13:50:41","slug":"votes-for-women-embroidery-kit","status":"publish","type":"product","link":"https:\/\/thecomptoir.com\/fr\/produit\/votes-for-women-embroidery-kit\/","title":{"rendered":"Kit de broderie Le vote des femmes"},"content":{"rendered":"<h3>in English<\/h3>\n<p>This kit is to make one Women\u2019s Rights embroidery. Thanks to this kit, you are going to learn to make different stitches. This kit is fitting for beginners. You only need to learn and use different embroidery stitches: the French knot, the whipped Back Stitch and the Blanket Stitch and more. You will find all explanations you need in the booklet coming in the kit.<\/p>\n<p>-About this kit:<br \/>\nOn August 18, 1920, the 19th amendment granted women the right to vote. In 2020, USA are celebrating the 100th birthday of one of the most important amendments for Women\u2019s Rights. I mixed this picture with Hillary Clinton\u2019s famous speech she gave to the United Nations Fourth World Conference on Women in Beijing in 1995.<\/p>\n<p>-In this kit<br \/>\nThis embroidery kit includes:<\/p>\n<p>one 5\u2033 embroidery hoop<br \/>\none printed cotton fabric<br \/>\none needle<br \/>\n4 different colors of embroidery floss<br \/>\nand a booklet<\/p>\n<p>The booklet is going to help you to make this project from how to put the fabric inside your hoop thru how to finish the back side.<\/p>\n<p>For any questions, feel free to ask<\/p>\n<p>&nbsp;<\/p>\n<h3>En Fran\u00e7ais<\/h3>\n<p>En 2020, les \u00c9tats-Unis c\u00e9l\u00e9braient le centi\u00e8me anniversaire du droit des femmes \u00e0 voter. En France, il faudra attendre 2044 pour c\u00e9l\u00e9brer le m\u00eame anniversaire. Ici, la photo est celle de deux suffragettes, pionni\u00e8res du combat pour les droits des femmes. La phrase \u00e0 broder \u00ab\u00a0Women rights are Human rights\u00a0\u00bb (\u00ab\u00a0les droits des femmes sont les droits humains\u00a0\u00bb) a \u00e9t\u00e9 prononc\u00e9 par Hillary Clinton en 1995 lors d&rsquo;un discours devenu c\u00e9l\u00e8bre prononc\u00e9 devant les Nations Unis pour la 4\u00e8me conf\u00e9rence internationale pour les femmes \u00e0 Bejing.<\/p>\n<p>Ce kit contient tout ce dont vous aurez besoin pour r\u00e9aliser ce projet:<br \/>\n-1 tambour \u00e0 broder de 13 cm<br \/>\n-4 fils \u00e0 broder<br \/>\n-1 aiguille \u00e0 broder<br \/>\n-1 photo imprim\u00e9e sur tissu (\u00e0 broder)<br \/>\n-1 livret explicatif pour vous accompagner tout au long de votre projet<\/p>\n<p>N&rsquo;h\u00e9sitez pas \u00e0 me contacter pour n&rsquo;importe quelle question : thecomptoir@gmail.com<\/p>\n","protected":false},"excerpt":{"rendered":"[embed]https:\/\/www.youtube.com\/watch?v=rLReZD8fufY&#038;t=28s[\/embed]\n","protected":false},"featured_media":6695,"comment_status":"open","ping_status":"closed","template":"","meta":{"jetpack_post_was_ever_published":false,"jetpack_publicize_message":"","jetpack_publicize_feature_enabled":true,"jetpack_social_post_already_shared":true,"jetpack_social_options":{"image_generator_settings":{"template":"highway","default_image_id":0,"font":"","enabled":false},"version":2}},"product_brand":[],"product_cat":[1594],"product_tag":[506,1381,1461,1459,1460],"class_list":{"0":"post-4656","1":"product","2":"type-product","3":"status-publish","4":"has-post-thumbnail","6":"product_cat-projets-guides","7":"product_tag-embroidery","8":"product_tag-embroidery-kit","9":"product_tag-suffragettes","10":"product_tag-vote","11":"product_tag-votes-for-women","12":"product_shipping_class-lettre","14":"first","15":"instock","16":"purchasable","17":"product-type-simple"},"jetpack_publicize_connections":[],"jetpack_sharing_enabled":true,"_links":{"self":[{"href":"https:\/\/thecomptoir.com\/fr\/wp-json\/wp\/v2\/product\/4656","targetHints":{"allow":["GET"]}}],"collection":[{"href":"https:\/\/thecomptoir.com\/fr\/wp-json\/wp\/v2\/product"}],"about":[{"href":"https:\/\/thecomptoir.com\/fr\/wp-json\/wp\/v2\/types\/product"}],"replies":[{"embeddable":true,"href":"https:\/\/thecomptoir.com\/fr\/wp-json\/wp\/v2\/comments?post=4656"}],"wp:featuredmedia":[{"embeddable":true,"href":"https:\/\/thecomptoir.com\/fr\/wp-json\/wp\/v2\/media\/6695"}],"wp:attachment":[{"href":"https:\/\/thecomptoir.com\/fr\/wp-json\/wp\/v2\/media?parent=4656"}],"wp:term":[{"taxonomy":"product_brand","embeddable":true,"href":"https:\/\/thecomptoir.com\/fr\/wp-json\/wp\/v2\/product_brand?post=4656"},{"taxonomy":"product_cat","embeddable":true,"href":"https:\/\/thecomptoir.com\/fr\/wp-json\/wp\/v2\/product_cat?post=4656"},{"taxonomy":"product_tag","embeddable":true,"href":"https:\/\/thecomptoir.com\/fr\/wp-json\/wp\/v2\/product_tag?post=4656"}],"curies":[{"name":"wp","href":"https:\/\/api.w.org\/{rel}","templated":true}]}}