{"id":4649,"date":"2020-05-28T20:31:08","date_gmt":"2020-05-28T19:31:08","guid":{"rendered":"https:\/\/thecomptoir.com\/fr\/?post_type=product&#038;p=4649"},"modified":"2026-02-16T15:06:14","modified_gmt":"2026-02-16T14:06:14","slug":"pride-embroidery-kit","status":"publish","type":"product","link":"https:\/\/thecomptoir.com\/fr\/produit\/pride-embroidery-kit\/","title":{"rendered":"Kit de broderie PRIDE"},"content":{"rendered":"<h3>In English<\/h3>\n<p>Pride month is around the corner and we are not going to be able to meet to celebrate it.<br \/>\nThanks to this kit you&rsquo;ll have your hands and mind busy to create a beautiful embroidery.<\/p>\n<p>This embroidery kit fits perfectly for beginners, it&rsquo;s coming with everything you need to make your project from A to Z.<br \/>\nThank to this kit, you are going to learn how to make french knots and also satin stitch if you choose the double kit with the Pride flag design.<\/p>\n<p>The Pride kit includes:<br \/>\n-5&Prime; embroidery hoop<br \/>\n-1 embroidery needle<br \/>\n-10 full embroidery floss<br \/>\n-a booklet with all explantations you need + pictures<\/p>\n<p>&nbsp;<\/p>\n<h3>En Fran\u00e7ais<\/h3>\n<p>Le mois des fiert\u00e9s m\u00e9ritent d&rsquo;\u00eatre c\u00e9l\u00e9br\u00e9 et qu&rsquo;on lui apporte de la visibilit\u00e9, ce kit est fait pour \u00e7a mais aussi pour s&rsquo;amuser en brodant!<br \/>\nAvec ce kit, vous pourrez cr\u00e9er une broderie, vous y apprendrez un point de broderie, le point de noeud.<\/p>\n<p>Ce kit conviendra aussi bien aux d\u00e9butants qu&rsquo;aux personnes plus \u00e0 l&rsquo;aise en broderie. Ce projet n&rsquo;est pas difficile \u00e0 r\u00e9aliser mais il demande un peu de patience.<br \/>\nCe kit contient tout ce dont vous aurez besoin pour r\u00e9aliser ce projet :<\/p>\n<p>-1 tambour \u00e0 broder de 13cm<br \/>\n-1 aiguille \u00e0 broder<br \/>\n-10 \u00e9chevettes de fil \u00e0 broder<br \/>\n-1 photo imprim\u00e9e sur tissu (\u00e0 broder)<br \/>\n-1 livret explicatif pour vous accompagner durant la r\u00e9alisation de ce projet<\/p>\n<p>N&rsquo;h\u00e9sitez pas \u00e0 me contacter pour n&rsquo;importe quelle question : thecomptoir@gmail.com<\/p>\n<p>&nbsp;<\/p>\n<p>This kit is available in English or French<\/p>\n<p>Ce kit est disponible en fran\u00e7ais ou en anglais<\/p>\n","protected":false},"excerpt":{"rendered":"<p>This kit is available in English or French<\/p>\n<p>Ce kit est disponible en fran\u00e7ais ou en anglais<\/p>\n","protected":false},"featured_media":8093,"comment_status":"closed","ping_status":"closed","template":"","meta":{"jetpack_post_was_ever_published":false,"jetpack_publicize_message":"","jetpack_publicize_feature_enabled":true,"jetpack_social_post_already_shared":true,"jetpack_social_options":{"image_generator_settings":{"template":"highway","default_image_id":0,"font":"","enabled":false},"version":2}},"product_brand":[],"product_cat":[1593],"product_tag":[506,1381,1458,1457,1456],"class_list":{"0":"post-4649","1":"product","2":"type-product","3":"status-publish","4":"has-post-thumbnail","6":"product_cat-projets-libres","7":"product_tag-embroidery","8":"product_tag-embroidery-kit","9":"product_tag-lgbt","10":"product_tag-lgbtq","11":"product_tag-pride","13":"first","14":"instock","15":"shipping-taxable","16":"purchasable","17":"product-type-variable"},"jetpack_publicize_connections":[],"jetpack_sharing_enabled":true,"_links":{"self":[{"href":"https:\/\/thecomptoir.com\/fr\/wp-json\/wp\/v2\/product\/4649","targetHints":{"allow":["GET"]}}],"collection":[{"href":"https:\/\/thecomptoir.com\/fr\/wp-json\/wp\/v2\/product"}],"about":[{"href":"https:\/\/thecomptoir.com\/fr\/wp-json\/wp\/v2\/types\/product"}],"replies":[{"embeddable":true,"href":"https:\/\/thecomptoir.com\/fr\/wp-json\/wp\/v2\/comments?post=4649"}],"wp:featuredmedia":[{"embeddable":true,"href":"https:\/\/thecomptoir.com\/fr\/wp-json\/wp\/v2\/media\/8093"}],"wp:attachment":[{"href":"https:\/\/thecomptoir.com\/fr\/wp-json\/wp\/v2\/media?parent=4649"}],"wp:term":[{"taxonomy":"product_brand","embeddable":true,"href":"https:\/\/thecomptoir.com\/fr\/wp-json\/wp\/v2\/product_brand?post=4649"},{"taxonomy":"product_cat","embeddable":true,"href":"https:\/\/thecomptoir.com\/fr\/wp-json\/wp\/v2\/product_cat?post=4649"},{"taxonomy":"product_tag","embeddable":true,"href":"https:\/\/thecomptoir.com\/fr\/wp-json\/wp\/v2\/product_tag?post=4649"}],"curies":[{"name":"wp","href":"https:\/\/api.w.org\/{rel}","templated":true}]}}