{"id":4643,"date":"2020-05-28T20:26:40","date_gmt":"2020-05-28T19:26:40","guid":{"rendered":"https:\/\/thecomptoir.com\/fr\/?post_type=product&#038;p=4643"},"modified":"2026-02-16T14:50:59","modified_gmt":"2026-02-16T13:50:59","slug":"fight-like-a-girl-embroidery-kit","status":"publish","type":"product","link":"https:\/\/thecomptoir.com\/fr\/produit\/fight-like-a-girl-embroidery-kit\/","title":{"rendered":"Kit de broderie Bats toi comme une fille !"},"content":{"rendered":"<h4>In English<\/h4>\n<p>This project is born to support all women who are fighting for their rights in their daily life. I also made this kit to support and encourage women with breast cancer.<br \/>\nIn your kit, you will find everything you need to make your \u00ab\u00a0Fight like a girl\u00a0\u00bb embroidery:<\/p>\n<p>&#8211; 1x5in embroidery hoops<br \/>\n&#8211; 1 printed pieces of cotton fabric<br \/>\n&#8211; 1 embroidery needles<br \/>\n&#8211; 5 different embroidery floss<br \/>\n&#8211; 1 booklet with pictures and explanations to make it!<\/p>\n<p>This kit is beginner-friendly, but it can also fit to more adventurous stitchers!<br \/>\nYou are going to learn and use five embroidery stitches: the French knot, the Back Stitch &amp; the whipped backstitch, the lazy daisy stitch and the Ribbed Spider or Rose Stitch. You will find all explanations you need in this booklet.<\/p>\n<p>If you have any question before purchasing your kit, please contact me: thecomptoir@gmail.com<\/p>\n<h4>En Fran\u00e7ais<\/h4>\n<p>J&rsquo;ai cr\u00e9\u00e9 ce kit en soutien \u00e0 toutes ces femmes qui se battent au quotidien pour plus d&rsquo;\u00e9galit\u00e9, de libert\u00e9 et de droits. J&rsquo;ai \u00e9galement fait ce kit en soutien aux femmes qui se battent contre le cancer. Un projet pour donner de la force, de l&rsquo;\u00e9nergie et s&rsquo;occuper les mains. Ce kit s&rsquo;appelle \u00ab\u00a0Fight like a girl\u00a0\u00bb, traduit \u00ab\u00a0Bats-toi comme une fille\u00a0\u00bb en fran\u00e7ais. Dans votre kit, vous trouverez tout ce dont vous avez besoin pour r\u00e9alise votre projet :<\/p>\n<p>&#8211; 1 tambour \u00e0 broder de 13 cm<br \/>\n&#8211; 1 photo imprim\u00e9e sur tissu (\u00e0 broder)<br \/>\n&#8211; 1 aiguille \u00e0 broder<br \/>\n&#8211; 5 couleurs de fils \u00e0 broder<br \/>\n&#8211; 1 livret explicatif pour vous accompagner tout au long de ce projet<\/p>\n<p>Ce kit conviendra tr\u00e8s bien aux d\u00e9butants, mais il conviendra \u00e9galement \u00e0 celleux qui ont d\u00e9j\u00e0 un peu d&rsquo;exp\u00e9rience.<br \/>\nGr\u00e2ce \u00e0 ce kit vous apprendrez 5 points de broderie : le point de noeud, le point arri\u00e8re et le point arri\u00e8re surjet\u00e9, le point de bouclette et le point d&rsquo;araign\u00e9e.<\/p>\n<p>N&rsquo;h\u00e9sitez pas \u00e0 me contacter pour n&rsquo;importe quelle question : thecomptoir@gmail.com<\/p>\n","protected":false},"excerpt":{"rendered":"[embed]https:\/\/www.youtube.com\/watch?v=o78SbwkBUTc&#038;t=1s&#038;ab_channel=EliseTheComptoir[\/embed]\n","protected":false},"featured_media":6864,"comment_status":"open","ping_status":"closed","template":"","meta":{"jetpack_post_was_ever_published":false,"jetpack_publicize_message":"","jetpack_publicize_feature_enabled":true,"jetpack_social_post_already_shared":true,"jetpack_social_options":{"image_generator_settings":{"template":"highway","default_image_id":0,"font":"","enabled":false},"version":2}},"product_brand":[],"product_cat":[1594],"product_tag":[1454,506,1381,1412,1455],"class_list":{"0":"post-4643","1":"product","2":"type-product","3":"status-publish","4":"has-post-thumbnail","6":"product_cat-projets-guides","7":"product_tag-boston","8":"product_tag-embroidery","9":"product_tag-embroidery-kit","10":"product_tag-feminist","11":"product_tag-fight-like-a-girl","13":"first","14":"instock","15":"purchasable","16":"product-type-simple"},"jetpack_publicize_connections":[],"jetpack_sharing_enabled":true,"_links":{"self":[{"href":"https:\/\/thecomptoir.com\/fr\/wp-json\/wp\/v2\/product\/4643","targetHints":{"allow":["GET"]}}],"collection":[{"href":"https:\/\/thecomptoir.com\/fr\/wp-json\/wp\/v2\/product"}],"about":[{"href":"https:\/\/thecomptoir.com\/fr\/wp-json\/wp\/v2\/types\/product"}],"replies":[{"embeddable":true,"href":"https:\/\/thecomptoir.com\/fr\/wp-json\/wp\/v2\/comments?post=4643"}],"wp:featuredmedia":[{"embeddable":true,"href":"https:\/\/thecomptoir.com\/fr\/wp-json\/wp\/v2\/media\/6864"}],"wp:attachment":[{"href":"https:\/\/thecomptoir.com\/fr\/wp-json\/wp\/v2\/media?parent=4643"}],"wp:term":[{"taxonomy":"product_brand","embeddable":true,"href":"https:\/\/thecomptoir.com\/fr\/wp-json\/wp\/v2\/product_brand?post=4643"},{"taxonomy":"product_cat","embeddable":true,"href":"https:\/\/thecomptoir.com\/fr\/wp-json\/wp\/v2\/product_cat?post=4643"},{"taxonomy":"product_tag","embeddable":true,"href":"https:\/\/thecomptoir.com\/fr\/wp-json\/wp\/v2\/product_tag?post=4643"}],"curies":[{"name":"wp","href":"https:\/\/api.w.org\/{rel}","templated":true}]}}