{"id":4178,"date":"2019-05-25T00:42:00","date_gmt":"2019-05-24T23:42:00","guid":{"rendered":"https:\/\/thecomptoir.com\/fr\/?post_type=product&#038;p=4178"},"modified":"2025-01-20T13:13:23","modified_gmt":"2025-01-20T12:13:23","slug":"lady-parts-embroidery-kit-blue","status":"publish","type":"product","link":"https:\/\/thecomptoir.com\/fr\/produit\/lady-parts-embroidery-kit-blue\/","title":{"rendered":"Kit de broderie Cuterus bleu"},"content":{"rendered":"<h4>In English<\/h4>\n<p>If you already know my work, I am sure you know my Cuterus embroideries. I started to make them when life became harder for women, in USA but also in so many other countries.<\/p>\n<h4>About this kit<\/h4>\n<p>Making these embroideries and kits, it&rsquo;s my way to protest against all these new and so old in the same way laws who are making women&rsquo;s lives so hard. It&rsquo;s my way to support all women and their rights. I made it for all women, the mothers, the women who decided not being a mother, young girls who deserve a beautiful future, the women who lost a child, the women who want so hard being a mother.<\/p>\n<p>This kit is fitting for beginners because it&rsquo;s a guided project. You are going to find all the explanations you need in the booklet coming with the kit.<\/p>\n<p>NEW : now the Phallus embroidery kit is available in my shop!<\/p>\n<h4>In this kit<\/h4>\n<p>In your kit, you will find everything you need to make your Cuterus embroidery:<\/p>\n<ul>\n<li>1x4in embroidery hoop<\/li>\n<li>1 printed piece of cotton fabric<\/li>\n<li>1 embroidery needle<\/li>\n<li>3 different embroidery floss<\/li>\n<li>1 booklet<\/li>\n<\/ul>\n<h4>En Fran\u00e7ais<\/h4>\n<p>Si vous connaissez mon travail, vous savez que ce design est vraiment ma marque de fabrique et je ne compte plus le nombre de fois que je l&rsquo;ai brod\u00e9.<br \/>\nCe kit est fait pour r\u00e9aliser une broderie \u00ab\u00a0cuterus\u00a0\u00bb contraction du mot \u00ab\u00a0cute\u00a0\u00bb (mignon en anglais) et uterus. Ce kit est mon moyen d&rsquo;afficher en douceur mon attachement \u00e0 la f\u00e9minit\u00e9, au f\u00e9minisme et \u00e0 ce combat que je m\u00e8ne au quotidien en faveur du droit des femmes.<\/p>\n<ul>\n<li>Dans ce kit vous trouverez tout ce dont vous aurez besoin pour r\u00e9aliser ce projet :<\/li>\n<li>1 tambour \u00e0 broder de 10cm<\/li>\n<li>1 design imprim\u00e9 sur tissu (\u00e0 broder)<\/li>\n<li>1 aiguille \u00e0 broder<\/li>\n<li>3 couleurs de fil \u00e0 broder<\/li>\n<li>1 livret explicatif pour vous accompagner tout au long de votre projet<\/li>\n<\/ul>\n<p>Ce kit existe dans 3 variations : en rose, en bleu ou alors en kit double avec les deux couleurs.<\/p>\n<p>Nouveau : le kit de broderie Phallus est maintenant disponible, allez jeter un oeil \u00e0 l&rsquo;ensemble de ma boutique !<\/p>\n","protected":false},"excerpt":{"rendered":"<p>disponible en Fran\u00e7ais ou en Anglais<\/p>\n<p>available in French or English<\/p>\n","protected":false},"featured_media":8246,"comment_status":"open","ping_status":"closed","template":"","meta":{"jetpack_post_was_ever_published":false,"jetpack_publicize_message":"","jetpack_publicize_feature_enabled":true,"jetpack_social_post_already_shared":true,"jetpack_social_options":{"image_generator_settings":{"template":"highway","default_image_id":0,"font":"","enabled":false},"version":2}},"product_brand":[],"product_cat":[1594],"product_tag":[1367,506,1412,1364],"class_list":{"0":"post-4178","1":"product","2":"type-product","3":"status-publish","4":"has-post-thumbnail","6":"product_cat-projets-guides","7":"product_tag-diy","8":"product_tag-embroidery","9":"product_tag-feminist","10":"product_tag-kit","12":"first","13":"instock","14":"purchasable","15":"product-type-simple"},"jetpack_publicize_connections":[],"jetpack_sharing_enabled":true,"_links":{"self":[{"href":"https:\/\/thecomptoir.com\/fr\/wp-json\/wp\/v2\/product\/4178","targetHints":{"allow":["GET"]}}],"collection":[{"href":"https:\/\/thecomptoir.com\/fr\/wp-json\/wp\/v2\/product"}],"about":[{"href":"https:\/\/thecomptoir.com\/fr\/wp-json\/wp\/v2\/types\/product"}],"replies":[{"embeddable":true,"href":"https:\/\/thecomptoir.com\/fr\/wp-json\/wp\/v2\/comments?post=4178"}],"wp:featuredmedia":[{"embeddable":true,"href":"https:\/\/thecomptoir.com\/fr\/wp-json\/wp\/v2\/media\/8246"}],"wp:attachment":[{"href":"https:\/\/thecomptoir.com\/fr\/wp-json\/wp\/v2\/media?parent=4178"}],"wp:term":[{"taxonomy":"product_brand","embeddable":true,"href":"https:\/\/thecomptoir.com\/fr\/wp-json\/wp\/v2\/product_brand?post=4178"},{"taxonomy":"product_cat","embeddable":true,"href":"https:\/\/thecomptoir.com\/fr\/wp-json\/wp\/v2\/product_cat?post=4178"},{"taxonomy":"product_tag","embeddable":true,"href":"https:\/\/thecomptoir.com\/fr\/wp-json\/wp\/v2\/product_tag?post=4178"}],"curies":[{"name":"wp","href":"https:\/\/api.w.org\/{rel}","templated":true}]}}