{"id":3803,"date":"2018-09-05T03:24:58","date_gmt":"2018-09-05T02:24:58","guid":{"rendered":"https:\/\/thecomptoir.com\/fr\/?post_type=product&#038;p=3803"},"modified":"2026-02-16T15:05:23","modified_gmt":"2026-02-16T14:05:23","slug":"washington-dc-cherry-blossoms-embroidery-kit","status":"publish","type":"product","link":"https:\/\/thecomptoir.com\/fr\/produit\/washington-dc-cherry-blossoms-embroidery-kit\/","title":{"rendered":"Kit de broderie Washington DC Cherry Blossom&rsquo;s"},"content":{"rendered":"<h3>In English<\/h3>\n<p>This project is born during my third cherry blossom season in Washington DC.<span class=\"Apple-converted-space\">\u00a0<\/span><\/p>\n<p>I wanted to transcribe the beauty of this magical moment of spring.<\/p>\n<p>This kit is fitting for beginners. You only need to learn and use one embroidery stitch: the French knot. You will find all explanations you need in this booklet.<\/p>\n<h4><span style=\"color: #8ab7ba;\">About this kit<\/span><\/h4>\n<p>This kit is to make two Whashington DC cherry blossoms embroideries:<span class=\"Apple-converted-space\">\u00a0<\/span><\/p>\n<ul>\n<li>one with the Washington Monument<\/li>\n<li>one with the Jefferson Memorial<\/li>\n<\/ul>\n<h4><span style=\"color: #8ab7ba;\">In this kit<\/span><\/h4>\n<p>On your kit, you will find everything you need to make your two Washington DC Cherry Blossoms embroideries:<\/p>\n<ul>\n<li>2x5in embroidery hoops<\/li>\n<li>2 printed pieces of cotton fabric<\/li>\n<li>1 embroidery needle<\/li>\n<li>5 full embroidery floss<\/li>\n<\/ul>\n<h3>En Fran\u00e7ais<\/h3>\n<p>Ce projet est le tout premier kit de broderie que j&rsquo;ai cr\u00e9\u00e9, il est un souvenir pr\u00e9cieux pour moi, le souvenir des 3 ann\u00e9es que nous avons pass\u00e9 \u00e0 Washington DC (Capitale des \u00c9tats-Unis). Mais peu importe l&rsquo;endroit o\u00f9 vous vous trouvez, les cerisiers en fleur restent un jolie cadeau de m\u00e8re nature.<br \/>\nAvec ce kit, vous pourrez cr\u00e9er deux broderies, vous y apprendrez un point de broderie, le point de noeud.<\/p>\n<p>Ce kit conviendra aussi bien aux d\u00e9butants qu&rsquo;aux personnes plus \u00e0 l&rsquo;aise en broderie. Ce projet n&rsquo;est pas difficile \u00e0 r\u00e9aliser mais il demande un peu de patience.<br \/>\nCe kit contient tout ce dont vous aurez besoin pour r\u00e9aliser ce projet :<br \/>\n-2 cercles \u00e0 broder de 13 cm<br \/>\n-2 photos imprim\u00e9es sur tissu (le Washington Monument et le Jefferson Memorial)<br \/>\n-1 aiguille \u00e0 broder<br \/>\n-5 \u00e9chevettes de fil \u00e0 broder<br \/>\n-1 livret explicatif pour vous accompagner tout au long de la r\u00e9alisation de ce projet<\/p>\n<p>N&rsquo;h\u00e9sitez pas \u00e0 me contacter pour n&rsquo;importe quelle question : thecomptoir@gmail.com<\/p>\n<p>CE PRODUIT EST DISPONIBLE EN FRANCAIS OU EN ANGLAIS<\/p>\n<p>THIS ITEM IS AVAILABLE IN FRENCH OR IN ENGLISH<\/p>\n","protected":false},"excerpt":{"rendered":"<p>Washington Cherry Blossom embroidery kit.<\/p>\n","protected":false},"featured_media":3806,"comment_status":"open","ping_status":"closed","template":"","meta":{"jetpack_post_was_ever_published":false,"jetpack_publicize_message":"","jetpack_publicize_feature_enabled":true,"jetpack_social_post_already_shared":true,"jetpack_social_options":{"image_generator_settings":{"template":"highway","default_image_id":0,"font":"","enabled":false},"version":2}},"product_brand":[],"product_cat":[1593],"product_tag":[1365,503,1367,506,1364,1366],"class_list":{"0":"post-3803","1":"product","2":"type-product","3":"status-publish","4":"has-post-thumbnail","6":"product_cat-projets-libres","7":"product_tag-cherry-blossom","8":"product_tag-dc","9":"product_tag-diy","10":"product_tag-embroidery","11":"product_tag-kit","12":"product_tag-wahsington","14":"first","15":"instock","16":"purchasable","17":"product-type-simple"},"jetpack_publicize_connections":[],"jetpack_sharing_enabled":true,"_links":{"self":[{"href":"https:\/\/thecomptoir.com\/fr\/wp-json\/wp\/v2\/product\/3803","targetHints":{"allow":["GET"]}}],"collection":[{"href":"https:\/\/thecomptoir.com\/fr\/wp-json\/wp\/v2\/product"}],"about":[{"href":"https:\/\/thecomptoir.com\/fr\/wp-json\/wp\/v2\/types\/product"}],"replies":[{"embeddable":true,"href":"https:\/\/thecomptoir.com\/fr\/wp-json\/wp\/v2\/comments?post=3803"}],"wp:featuredmedia":[{"embeddable":true,"href":"https:\/\/thecomptoir.com\/fr\/wp-json\/wp\/v2\/media\/3806"}],"wp:attachment":[{"href":"https:\/\/thecomptoir.com\/fr\/wp-json\/wp\/v2\/media?parent=3803"}],"wp:term":[{"taxonomy":"product_brand","embeddable":true,"href":"https:\/\/thecomptoir.com\/fr\/wp-json\/wp\/v2\/product_brand?post=3803"},{"taxonomy":"product_cat","embeddable":true,"href":"https:\/\/thecomptoir.com\/fr\/wp-json\/wp\/v2\/product_cat?post=3803"},{"taxonomy":"product_tag","embeddable":true,"href":"https:\/\/thecomptoir.com\/fr\/wp-json\/wp\/v2\/product_tag?post=3803"}],"curies":[{"name":"wp","href":"https:\/\/api.w.org\/{rel}","templated":true}]}}