{"id":3728,"date":"2018-08-16T14:25:18","date_gmt":"2018-08-16T13:25:18","guid":{"rendered":"https:\/\/thecomptoir.com\/fr\/?post_type=product&#038;p=3728"},"modified":"2024-07-06T13:32:12","modified_gmt":"2024-07-06T12:32:12","slug":"serie-loving-frida-duo-de-patrons-pdf-pour-punch-needle","status":"publish","type":"product","link":"https:\/\/thecomptoir.com\/fr\/produit\/serie-loving-frida-duo-de-patrons-pdf-pour-punch-needle\/","title":{"rendered":"S\u00e9rie \u00ab\u00a0Loving Frida\u00a0\u00bb &#8211; Duo de patrons PDF pour punch needle"},"content":{"rendered":"<div id=\"item-description\" class=\"content-toggle-body text-gray prose\" role=\"region\" aria-hidden=\"false\">\n<div>\n<p>Cet article est comprend deux patrons PDF pour punch needle ou aiguille magique. Il s&rsquo;agit du patron \u00ab\u00a0Couronne de fleurs\u00a0\u00bb et \u00ab\u00a0Frida\u00a0\u00bb de la s\u00e9rie \u00ab\u00a0Loving Frida\u00a0\u00bb. Ces patrons sont faits pour vous si vous avez envie de d\u00e9velopper votre pratique du punch needle.<\/p>\n<p>Ces patron PDF contiennent 13 pages pour le patron \u00ab\u00a0Frida\u00a0\u00bb et 12 pages pour le patron \u00ab\u00a0Couronne de fleurs\u00a0\u00bb. Ils sont \u00e0 t\u00e9l\u00e9charger en t\u00e9l\u00e9chargement imm\u00e9diat.<\/p>\n<p>CE PRODUIT N&rsquo;EST PAS LE PRODUIT FINI MAIS SEULEMENT UN PATRON PDF.<\/p>\n<p>Ce patron inclut : les 2 patrons \u00e0 imprimer au format A4 et \u00e0 transf\u00e9rer sur le tissu, un guide des couleurs, des explications pour transf\u00e9rer le patron sur votre tissu, la liste du mat\u00e9riel dont vous aurez besoin, des conseils et explications pour utiliser et apprendre \u00e0 vous servir de votre punch needle et plusieurs exemples ou id\u00e9es pour d\u00e9velopper et laisser libre cours \u00e0 votre imagination gr\u00e2ce \u00e0 la pratique du punch needle.<\/p>\n<p>Ce patron s\u2019adresse aux d\u00e9butants, mais il peut largement \u00eatre utilis\u00e9 par les plus aguerris !<\/p>\n<p>Pour r\u00e9aliser ce projet de punch needle, vous aurez besoin des \u00e9l\u00e9ments suivants :<br \/>\n-de la toile \u00e0 broder<br \/>\n-d&rsquo;une s\u00e9lection de fils de laine ou de coton<br \/>\n-d&rsquo;une punch needle fine de taille 8 ou \u00e9quivalent<br \/>\n-de 2 cercles \u00e0 broder de 6 et 10 pouces \/ 15,5cm et 25,5cm<\/p>\n<p>N&rsquo;h\u00e9sitez surtout pas \u00e0 me poser toutes vos questions avant de passer commande.<\/p>\n<\/div>\n<\/div>\n<p>&nbsp;<\/p>\n","protected":false},"excerpt":{"rendered":"<p style=\"text-align: center;\">Couronne de fleurs Patron PDf pour Punch Needle<\/p>\n<p style=\"text-align: center;\">+<\/p>\n<p style=\"text-align: center;\">Frida\u00a0Patron PDf pour Punch Needle<\/p>\n","protected":false},"featured_media":3711,"comment_status":"open","ping_status":"closed","template":"","meta":{"jetpack_post_was_ever_published":true,"jetpack_publicize_message":"","jetpack_publicize_feature_enabled":true,"jetpack_social_post_already_shared":true,"jetpack_social_options":{"image_generator_settings":{"template":"highway","default_image_id":0,"font":"","enabled":false},"version":2}},"product_brand":[],"product_cat":[651],"product_tag":[785,624,625,781,743,787,786,782],"class_list":{"0":"post-3728","1":"product","2":"type-product","3":"status-publish","4":"has-post-thumbnail","6":"product_cat-other","7":"product_tag-fleurs","8":"product_tag-frida","9":"product_tag-frida-kahlo","10":"product_tag-patron-pdf","11":"product_tag-punch-needle","12":"product_tag-punch-needle-patron","13":"product_tag-punch-needle-patron-pdf","14":"product_tag-punch-needle-pdf","16":"first","17":"instock","18":"downloadable","19":"virtual","20":"purchasable","21":"product-type-simple"},"jetpack_publicize_connections":[],"jetpack_sharing_enabled":true,"_links":{"self":[{"href":"https:\/\/thecomptoir.com\/fr\/wp-json\/wp\/v2\/product\/3728","targetHints":{"allow":["GET"]}}],"collection":[{"href":"https:\/\/thecomptoir.com\/fr\/wp-json\/wp\/v2\/product"}],"about":[{"href":"https:\/\/thecomptoir.com\/fr\/wp-json\/wp\/v2\/types\/product"}],"replies":[{"embeddable":true,"href":"https:\/\/thecomptoir.com\/fr\/wp-json\/wp\/v2\/comments?post=3728"}],"wp:featuredmedia":[{"embeddable":true,"href":"https:\/\/thecomptoir.com\/fr\/wp-json\/wp\/v2\/media\/3711"}],"wp:attachment":[{"href":"https:\/\/thecomptoir.com\/fr\/wp-json\/wp\/v2\/media?parent=3728"}],"wp:term":[{"taxonomy":"product_brand","embeddable":true,"href":"https:\/\/thecomptoir.com\/fr\/wp-json\/wp\/v2\/product_brand?post=3728"},{"taxonomy":"product_cat","embeddable":true,"href":"https:\/\/thecomptoir.com\/fr\/wp-json\/wp\/v2\/product_cat?post=3728"},{"taxonomy":"product_tag","embeddable":true,"href":"https:\/\/thecomptoir.com\/fr\/wp-json\/wp\/v2\/product_tag?post=3728"}],"curies":[{"name":"wp","href":"https:\/\/api.w.org\/{rel}","templated":true}]}}