{"id":3720,"date":"2018-08-16T14:06:08","date_gmt":"2018-08-16T13:06:08","guid":{"rendered":"https:\/\/thecomptoir.com\/fr\/?post_type=product&#038;p=3720"},"modified":"2025-04-17T18:55:39","modified_gmt":"2025-04-17T17:55:39","slug":"couronne-de-fleurs-patron-pdf-pour-punch-needle","status":"publish","type":"product","link":"https:\/\/thecomptoir.com\/fr\/produit\/couronne-de-fleurs-patron-pdf-pour-punch-needle\/","title":{"rendered":"Couronne de Fleurs Patron PDF pour Punch Needle"},"content":{"rendered":"<h4><span style=\"color: #8ab7ba;\">En Fran\u00e7ais<\/span><\/h4>\n<p>Cet article est un patron PDF pour punch needle ou aiguille magique. Il s&rsquo;agit du patron \u00ab\u00a0Couronne de fleurs\u00a0\u00bb de la s\u00e9rie \u00ab\u00a0Loving Frida\u00a0\u00bb. Ce patron est fait pour vous si vous avew envie de d\u00e9velopper votre pratique du punch needle.<\/p>\n<p>Ce patron PDF contient 12 pages \u00e0 t\u00e9l\u00e9charger en t\u00e9l\u00e9chargement imm\u00e9diat. CE PRODUIT N&rsquo;EST PAS LE PRODUIT FINI MAIS SEULEMENT UN PATRON PDF.<br \/>\nCe patron inclut : le patron \u00e0 imprimer au format A4 et \u00e0 transf\u00e9rer sur le tissu, un guide des couleurs, des explications pour transf\u00e9rer le patron sur votre tissu, la liste du mat\u00e9riel dont vous aurez besoin, des conseils et explications pour utiliser et apprendre \u00e0 vous servir de votre punch needle et plusieurs exemples ou id\u00e9es pour d\u00e9velopper et laisser libre cours \u00e0 votre imagination gr\u00e2ce \u00e0 la pratique du punch needle.<\/p>\n<p>Ce patron s\u2019adresse aux d\u00e9butants, mais il peut largement \u00eatre utilis\u00e9 par les plus aguerris !<\/p>\n<p>Pour r\u00e9aliser ce projet de punch needle, vous aurez besoin des \u00e9l\u00e9ments suivants :<br \/>\n-de la toile \u00e0 broder<br \/>\n-d&rsquo;une s\u00e9lection de fils de laine ou de coton<br \/>\n-d&rsquo;une punch needle fine de taille 8 ou \u00e9quivalent<br \/>\n-d&rsquo;un cercle \u00e0 broder de 6 pouces \/ 15,5cm<\/p>\n<p>N&rsquo;h\u00e9sitez surtout pas \u00e0 me poser toutes vos questions avant de passer commande.<\/p>\n","protected":false},"excerpt":{"rendered":"<p>Couronne de Fleurs, Patron PDF pour Punch Needle<\/p>\n","protected":false},"featured_media":3722,"comment_status":"open","ping_status":"closed","template":"","meta":{"jetpack_post_was_ever_published":true,"jetpack_publicize_message":"","jetpack_publicize_feature_enabled":true,"jetpack_social_post_already_shared":true,"jetpack_social_options":{"image_generator_settings":{"template":"highway","default_image_id":0,"font":"","enabled":false},"version":2}},"product_brand":[],"product_cat":[651],"product_tag":[784,785,781,743,787,786],"class_list":{"0":"post-3720","1":"product","2":"type-product","3":"status-publish","4":"has-post-thumbnail","6":"product_cat-other","7":"product_tag-couronne-de-fleur","8":"product_tag-fleurs","9":"product_tag-patron-pdf","10":"product_tag-punch-needle","11":"product_tag-punch-needle-patron","12":"product_tag-punch-needle-patron-pdf","14":"first","15":"instock","16":"downloadable","17":"virtual","18":"purchasable","19":"product-type-simple"},"jetpack_publicize_connections":[],"jetpack_sharing_enabled":true,"_links":{"self":[{"href":"https:\/\/thecomptoir.com\/fr\/wp-json\/wp\/v2\/product\/3720","targetHints":{"allow":["GET"]}}],"collection":[{"href":"https:\/\/thecomptoir.com\/fr\/wp-json\/wp\/v2\/product"}],"about":[{"href":"https:\/\/thecomptoir.com\/fr\/wp-json\/wp\/v2\/types\/product"}],"replies":[{"embeddable":true,"href":"https:\/\/thecomptoir.com\/fr\/wp-json\/wp\/v2\/comments?post=3720"}],"wp:featuredmedia":[{"embeddable":true,"href":"https:\/\/thecomptoir.com\/fr\/wp-json\/wp\/v2\/media\/3722"}],"wp:attachment":[{"href":"https:\/\/thecomptoir.com\/fr\/wp-json\/wp\/v2\/media?parent=3720"}],"wp:term":[{"taxonomy":"product_brand","embeddable":true,"href":"https:\/\/thecomptoir.com\/fr\/wp-json\/wp\/v2\/product_brand?post=3720"},{"taxonomy":"product_cat","embeddable":true,"href":"https:\/\/thecomptoir.com\/fr\/wp-json\/wp\/v2\/product_cat?post=3720"},{"taxonomy":"product_tag","embeddable":true,"href":"https:\/\/thecomptoir.com\/fr\/wp-json\/wp\/v2\/product_tag?post=3720"}],"curies":[{"name":"wp","href":"https:\/\/api.w.org\/{rel}","templated":true}]}}