{"id":6546,"date":"2023-01-23T19:10:47","date_gmt":"2023-01-23T18:10:47","guid":{"rendered":"https:\/\/thecomptoir.com\/fr\/?page_id=6546"},"modified":"2023-01-23T19:11:49","modified_gmt":"2023-01-23T18:11:49","slug":"bienvenue-sur-the-comptoir","status":"publish","type":"page","link":"https:\/\/thecomptoir.com\/fr\/bienvenue-sur-the-comptoir\/","title":{"rendered":"Bienvenue sur The Comptoir"},"content":{"rendered":"\n<p class=\"has-text-align-justify\">Broder est pour moi le moyen le plus fort et le plus po\u00e9tique de parler de sujets puissants qui m\u2019animent au quotidien tel que le f\u00e9minisme, l\u2019\u00e9cologie, toutes formes de discriminations, la beaut\u00e9 de la diff\u00e9rence et j\u2019en passe. Ces questionnements sont au coeur de tout mon travail. J\u2019ai \u00e9galement fait le choix de proposer des kits de broderies accessibles \u00e0 toutes les personnes qui voudraient se lancer dans cette pratique.<\/p>\n\n\n<div class=\"wp-block-image\">\n<figure class=\"aligncenter size-large is-resized\"><a href=\"https:\/\/thecomptoir.com\/fr\/wp-content\/uploads\/2023\/01\/WhatsApp-Image-2023-01-23-at-19.06.25.jpeg\"><img loading=\"lazy\" decoding=\"async\" src=\"https:\/\/thecomptoir.com\/fr\/wp-content\/uploads\/2023\/01\/WhatsApp-Image-2023-01-23-at-19.06.25-768x1024.jpeg\" alt=\"\" class=\"wp-image-6547\" width=\"383\" height=\"510\" srcset=\"https:\/\/thecomptoir.com\/fr\/wp-content\/uploads\/2023\/01\/WhatsApp-Image-2023-01-23-at-19.06.25-768x1024.jpeg 768w, https:\/\/thecomptoir.com\/fr\/wp-content\/uploads\/2023\/01\/WhatsApp-Image-2023-01-23-at-19.06.25-225x300.jpeg 225w, https:\/\/thecomptoir.com\/fr\/wp-content\/uploads\/2023\/01\/WhatsApp-Image-2023-01-23-at-19.06.25-1152x1536.jpeg 1152w, https:\/\/thecomptoir.com\/fr\/wp-content\/uploads\/2023\/01\/WhatsApp-Image-2023-01-23-at-19.06.25-1140x1520.jpeg 1140w, https:\/\/thecomptoir.com\/fr\/wp-content\/uploads\/2023\/01\/WhatsApp-Image-2023-01-23-at-19.06.25-920x1227.jpeg 920w, https:\/\/thecomptoir.com\/fr\/wp-content\/uploads\/2023\/01\/WhatsApp-Image-2023-01-23-at-19.06.25-575x767.jpeg 575w, https:\/\/thecomptoir.com\/fr\/wp-content\/uploads\/2023\/01\/WhatsApp-Image-2023-01-23-at-19.06.25-380x507.jpeg 380w, https:\/\/thecomptoir.com\/fr\/wp-content\/uploads\/2023\/01\/WhatsApp-Image-2023-01-23-at-19.06.25-1320x1760.jpeg 1320w, https:\/\/thecomptoir.com\/fr\/wp-content\/uploads\/2023\/01\/WhatsApp-Image-2023-01-23-at-19.06.25-420x560.jpeg 420w, https:\/\/thecomptoir.com\/fr\/wp-content\/uploads\/2023\/01\/WhatsApp-Image-2023-01-23-at-19.06.25-800x1067.jpeg 800w, https:\/\/thecomptoir.com\/fr\/wp-content\/uploads\/2023\/01\/WhatsApp-Image-2023-01-23-at-19.06.25.jpeg 1512w\" sizes=\"auto, (max-width: 383px) 100vw, 383px\" \/><\/a><\/figure><\/div>\n\n\n<p><\/p>\n\n\n\n<p class=\"has-text-align-justify\">Je fais en sorte que mes kits soient le plus \u00e9co-responsables tout en garantissant un prix le plus juste et accessible possible. Les \u201cloisirs cr\u00e9atifs\u201d ne devraient pas \u00eatre un luxe inaccessible. Mes kits, m\u00eame les mod\u00e8les d\u00e9j\u00e0 existants, sont en perp\u00e9tuel \u00e9volution pour se rapprocher de plus en plus de l\u2019\u00e9thique que je me suis fix\u00e9e.<\/p>\n\n\n<div class=\"wp-block-image\">\n<figure class=\"aligncenter size-large is-resized\"><a href=\"https:\/\/thecomptoir.com\/fr\/wp-content\/uploads\/2023\/01\/WhatsApp-Image-2023-01-23-at-19.07.52.jpeg\"><img decoding=\"async\" src=\"https:\/\/thecomptoir.com\/fr\/wp-content\/uploads\/2023\/01\/WhatsApp-Image-2023-01-23-at-19.07.52-edited.jpeg\" alt=\"\" class=\"wp-image-6549\" width=\"368\" srcset=\"https:\/\/thecomptoir.com\/fr\/wp-content\/uploads\/2023\/01\/WhatsApp-Image-2023-01-23-at-19.07.52-edited.jpeg 1375w, https:\/\/thecomptoir.com\/fr\/wp-content\/uploads\/2023\/01\/WhatsApp-Image-2023-01-23-at-19.07.52-edited-225x300.jpeg 225w, https:\/\/thecomptoir.com\/fr\/wp-content\/uploads\/2023\/01\/WhatsApp-Image-2023-01-23-at-19.07.52-edited-768x1024.jpeg 768w, https:\/\/thecomptoir.com\/fr\/wp-content\/uploads\/2023\/01\/WhatsApp-Image-2023-01-23-at-19.07.52-edited-1152x1536.jpeg 1152w, https:\/\/thecomptoir.com\/fr\/wp-content\/uploads\/2023\/01\/WhatsApp-Image-2023-01-23-at-19.07.52-edited-1140x1520.jpeg 1140w, https:\/\/thecomptoir.com\/fr\/wp-content\/uploads\/2023\/01\/WhatsApp-Image-2023-01-23-at-19.07.52-edited-920x1226.jpeg 920w, https:\/\/thecomptoir.com\/fr\/wp-content\/uploads\/2023\/01\/WhatsApp-Image-2023-01-23-at-19.07.52-edited-575x767.jpeg 575w, https:\/\/thecomptoir.com\/fr\/wp-content\/uploads\/2023\/01\/WhatsApp-Image-2023-01-23-at-19.07.52-edited-380x507.jpeg 380w, https:\/\/thecomptoir.com\/fr\/wp-content\/uploads\/2023\/01\/WhatsApp-Image-2023-01-23-at-19.07.52-edited-1320x1760.jpeg 1320w, https:\/\/thecomptoir.com\/fr\/wp-content\/uploads\/2023\/01\/WhatsApp-Image-2023-01-23-at-19.07.52-edited-420x560.jpeg 420w, https:\/\/thecomptoir.com\/fr\/wp-content\/uploads\/2023\/01\/WhatsApp-Image-2023-01-23-at-19.07.52-edited-800x1066.jpeg 800w\" sizes=\"(max-width: 1375px) 100vw, 1375px\" \/><\/a><\/figure><\/div>\n\n\n<p><\/p>\n\n\n\n<p class=\"has-text-align-justify\">Si vous voulez \u00eatre mis.es r\u00e9guli\u00e8rement au courant des derni\u00e8res actualit\u00e9s concernant mon travail, vous pouvez souscrire \u00e0 ma newsletter ci-dessous. Inscrivez-vous puis valider votre inscription en cliquant sur le mail que vous recevrez imm\u00e9diatement. Ne vous inqui\u00e9tez pas, je ne vous spamerais pas d&#8217;email. Vous recevrez une seule newsletter par mois. Si vous avez des questions, n&rsquo;h\u00e9sitez pas \u00e0 me contacter.<\/p>\n\n\n  \n  \n  <div class=\"\n    mailpoet_form_popup_overlay\n      \"><\/div>\n  <div\n    id=\"mailpoet_form_2\"\n    class=\"\n      mailpoet_form\n      mailpoet_form_html\n      mailpoet_form_position_\n      mailpoet_form_animation_\n    \"\n      >\n\n    <style type=\"text\/css\">\n     #mailpoet_form_2 .mailpoet_form {  }\n#mailpoet_form_2 .mailpoet_paragraph { line-height: 20px; }\n#mailpoet_form_2 .mailpoet_segment_label, #mailpoet_form_2 .mailpoet_text_label, #mailpoet_form_2 .mailpoet_textarea_label, #mailpoet_form_2 .mailpoet_select_label, #mailpoet_form_2 .mailpoet_radio_label, #mailpoet_form_2 .mailpoet_checkbox_label, #mailpoet_form_2 .mailpoet_list_label, #mailpoet_form_2 .mailpoet_date_label { display: block; font-weight: bold; }\n#mailpoet_form_2 .mailpoet_text, #mailpoet_form_2 .mailpoet_textarea, #mailpoet_form_2 .mailpoet_select, #mailpoet_form_2 .mailpoet_date_month, #mailpoet_form_2 .mailpoet_date_day, #mailpoet_form_2 .mailpoet_date_year, #mailpoet_form_2 .mailpoet_date { display: block; }\n#mailpoet_form_2 .mailpoet_text, #mailpoet_form_2 .mailpoet_textarea { width: 200px; }\n#mailpoet_form_2 .mailpoet_checkbox {  }\n#mailpoet_form_2 .mailpoet_submit input {  }\n#mailpoet_form_2 .mailpoet_divider {  }\n#mailpoet_form_2 .mailpoet_message {  }\n#mailpoet_form_2 .mailpoet_validate_success { color: #468847; }\n#mailpoet_form_2 .mailpoet_validate_error { color: #b94a48; }#mailpoet_form_2{;}#mailpoet_form_2 .mailpoet_message {margin: 0; padding: 0 20px;}#mailpoet_form_2 .mailpoet_paragraph.last {margin-bottom: 0} @media (max-width: 500px) {#mailpoet_form_2 {background-image: none;}} @media (min-width: 500px) {#mailpoet_form_2 .last .mailpoet_paragraph:last-child {margin-bottom: 0}}  @media (max-width: 500px) {#mailpoet_form_2 .mailpoet_form_column:last-child .mailpoet_paragraph:last-child {margin-bottom: 0}} \n    <\/style>\n\n    <form\n      target=\"_self\"\n      method=\"post\"\n      action=\"https:\/\/thecomptoir.com\/fr\/wp-admin\/admin-post.php?action=mailpoet_subscription_form\"\n      class=\"mailpoet_form mailpoet_form_form mailpoet_form_html\"\n      novalidate\n      data-delay=\"\"\n      data-exit-intent-enabled=\"\"\n      data-font-family=\"\"\n      data-cookie-expiration-time=\"\"\n    >\n      <input type=\"hidden\" name=\"data[form_id]\" value=\"2\" \/>\n      <input type=\"hidden\" name=\"token\" value=\"266c45dbe2\" \/>\n      <input type=\"hidden\" name=\"api_version\" value=\"v1\" \/>\n      <input type=\"hidden\" name=\"endpoint\" value=\"subscribers\" \/>\n      <input type=\"hidden\" name=\"mailpoet_method\" value=\"subscribe\" \/>\n\n      <label class=\"mailpoet_hp_email_label\" style=\"display: none !important;\">Veuillez laisser ce champ vide<input type=\"email\" name=\"data[email]\"\/><\/label><div class=\"mailpoet_paragraph\"><label for=\"form_first_name_2\" class=\"mailpoet_text_label\"  data-automation-id=\"form_first_name_label\" >Pr\u00e9nom<\/label><input type=\"text\" autocomplete=\"given-name\" class=\"mailpoet_text\" id=\"form_first_name_2\" name=\"data[form_field_OWQ0MTE1NzVmNzI0X2ZpcnN0X25hbWU=]\" title=\"Pr\u00e9nom\" value=\"\" data-automation-id=\"form_first_name\" data-parsley-errors-container=\".mailpoet_error_x3q2k\" data-parsley-names='[&quot;Veuillez sp\u00e9cifier un nom valide.&quot;,&quot;Les adresses dans les noms ne sont pas autoris\u00e9es, veuillez ajouter votre nom \u00e0 la place.&quot;]'\/><span class=\"mailpoet_error_x3q2k\"><\/span><\/div>\n<div class=\"mailpoet_paragraph\"><label for=\"form_last_name_2\" class=\"mailpoet_text_label\"  data-automation-id=\"form_last_name_label\" >Nom<\/label><input type=\"text\" autocomplete=\"family-name\" class=\"mailpoet_text\" id=\"form_last_name_2\" name=\"data[form_field_OWJkZGM2OWYxMjU0X2xhc3RfbmFtZQ==]\" title=\"Nom\" value=\"\" data-automation-id=\"form_last_name\" data-parsley-errors-container=\".mailpoet_error_k6rcl\" data-parsley-names='[&quot;Veuillez sp\u00e9cifier un nom valide.&quot;,&quot;Les adresses dans les noms ne sont pas autoris\u00e9es, veuillez ajouter votre nom \u00e0 la place.&quot;]'\/><span class=\"mailpoet_error_k6rcl\"><\/span><\/div>\n<div class=\"mailpoet_paragraph\"><label for=\"form_email_2\" class=\"mailpoet_text_label\"  data-automation-id=\"form_email_label\" >E-mail <span class=\"mailpoet_required\" aria-hidden=\"true\">*<\/span><\/label><input type=\"email\" autocomplete=\"email\" class=\"mailpoet_text\" id=\"form_email_2\" name=\"data[form_field_OWFmYzkxMjAyNTAxX2VtYWls]\" title=\"E-mail\" value=\"\" data-automation-id=\"form_email\" data-parsley-errors-container=\".mailpoet_error_lkybr\" data-parsley-required=\"true\" required aria-required=\"true\" data-parsley-minlength=\"6\" data-parsley-maxlength=\"150\" data-parsley-type-message=\"Cette valeur doit \u00eatre un e-mail valide.\" data-parsley-required-message=\"Ce champ est n\u00e9cessaire.\"\/><span class=\"mailpoet_error_lkybr\"><\/span><\/div>\n<div class=\"mailpoet_paragraph\"><fieldset><legend class=\"mailpoet_segment_label\" >S\u00e9lectionner une ou plusieurs listes :<\/legend><label class=\"mailpoet_checkbox_label\" for=\"mailpoet_segment_1\" ><input type=\"checkbox\" class=\"mailpoet_checkbox\" id=\"mailpoet_segment_1\" name=\"data[form_field_ODdiYjRjZDVjNmJjX3NlZ21lbnRz][]\" value=\"3\"  data-parsley-errors-container=\".mailpoet_error_1bg7w\" data-parsley-required=\"true\" required aria-required=\"true\" data-parsley-group=\"segments\" data-parsley-required-message=\"Veuillez s\u00e9lectionner une liste.\" \/> English<\/label><label class=\"mailpoet_checkbox_label\" for=\"mailpoet_segment_2\" ><input type=\"checkbox\" class=\"mailpoet_checkbox\" id=\"mailpoet_segment_2\" name=\"data[form_field_ODdiYjRjZDVjNmJjX3NlZ21lbnRz][]\" value=\"4\"  data-parsley-errors-container=\".mailpoet_error_1bg7w\" data-parsley-required=\"true\" required aria-required=\"true\" data-parsley-group=\"segments\" data-parsley-required-message=\"Veuillez s\u00e9lectionner une liste.\" \/> Fran\u00e7ais<\/label><span class=\"mailpoet_error_1bg7w\"><\/span><\/fieldset><\/div>\n<div class=\"mailpoet_paragraph\"><input type=\"submit\" class=\"mailpoet_submit\" value=\"Je m\u2019abonne\u00a0!\" data-automation-id=\"subscribe-submit-button\" style=\"border-color:transparent;\" \/><span class=\"mailpoet_form_loading\"><span class=\"mailpoet_bounce1\"><\/span><span class=\"mailpoet_bounce2\"><\/span><span class=\"mailpoet_bounce3\"><\/span><\/span><\/div>\n\n      <div class=\"mailpoet_message\">\n        <p class=\"mailpoet_validate_success\"\n                style=\"display:none;\"\n                >V\u00e9rifiez votre boite de r\u00e9ception ou votre r\u00e9pertoire d\u2019ind\u00e9sirables pour confirmer votre abonnement.\n        <\/p>\n        <p class=\"mailpoet_validate_error\"\n                style=\"display:none;\"\n                >        <\/p>\n      <\/div>\n    <\/form>\n\n      <\/div>\n\n  ","protected":false},"excerpt":{"rendered":"<p>Broder est pour moi le moyen le plus fort et le plus po\u00e9tique de parler de sujets puissants qui m\u2019animent au quotidien tel que le f\u00e9minisme, l\u2019\u00e9cologie, toutes formes de [&hellip;]<\/p>\n","protected":false},"author":3,"featured_media":0,"parent":0,"menu_order":0,"comment_status":"closed","ping_status":"closed","template":"","meta":{"jetpack_post_was_ever_published":false,"footnotes":""},"class_list":["post-6546","page","type-page","status-publish","hentry"],"jetpack_sharing_enabled":true,"jetpack_shortlink":"https:\/\/wp.me\/P9jR0i-1HA","_links":{"self":[{"href":"https:\/\/thecomptoir.com\/fr\/wp-json\/wp\/v2\/pages\/6546","targetHints":{"allow":["GET"]}}],"collection":[{"href":"https:\/\/thecomptoir.com\/fr\/wp-json\/wp\/v2\/pages"}],"about":[{"href":"https:\/\/thecomptoir.com\/fr\/wp-json\/wp\/v2\/types\/page"}],"author":[{"embeddable":true,"href":"https:\/\/thecomptoir.com\/fr\/wp-json\/wp\/v2\/users\/3"}],"replies":[{"embeddable":true,"href":"https:\/\/thecomptoir.com\/fr\/wp-json\/wp\/v2\/comments?post=6546"}],"version-history":[{"count":2,"href":"https:\/\/thecomptoir.com\/fr\/wp-json\/wp\/v2\/pages\/6546\/revisions"}],"predecessor-version":[{"id":6551,"href":"https:\/\/thecomptoir.com\/fr\/wp-json\/wp\/v2\/pages\/6546\/revisions\/6551"}],"wp:attachment":[{"href":"https:\/\/thecomptoir.com\/fr\/wp-json\/wp\/v2\/media?parent=6546"}],"curies":[{"name":"wp","href":"https:\/\/api.w.org\/{rel}","templated":true}]}}