{"id":5537,"date":"2021-05-12T09:40:00","date_gmt":"2021-05-12T08:40:00","guid":{"rendered":"https:\/\/thecomptoir.com\/fr\/?page_id=5537"},"modified":"2022-11-24T13:22:18","modified_gmt":"2022-11-24T12:22:18","slug":"politiques-denvoie-et-de-retour-shipping-and-return-policies","status":"publish","type":"page","link":"https:\/\/thecomptoir.com\/fr\/politiques-denvoie-et-de-retour-shipping-and-return-policies\/","title":{"rendered":"Shipping and return policies \/ Politiques d&rsquo;envoie et de retour"},"content":{"rendered":"\n<p style=\"font-size:26px\"><strong>Return policy<\/strong><\/p>\n\n\n\n<p><br><strong>I gladly accept returns and exchanges<\/strong><br>Contact me within: 14 days of delivery<br>Ship items back within: 30 days of delivery<br>Request a cancellation: before item has shipped<br><br><strong>The following items can&rsquo;t be returned or exchanged<br>Because of the nature of these items, unless they arrive damaged or defective, I can&rsquo;t accept returns for:<\/strong><br>&#8211; Custom or personalized orders<br>&#8211; Perishable products (like food or flowers)<br>&#8211; Digital downloads<br>&#8211; Intimate items (for health\/hygiene reasons)<br><\/p>\n\n\n\n<p><strong>Conditions of return<\/strong><br>Buyers are responsible for return shipping costs. If the item is not returned in its original condition, the buyer is responsible for any loss in value.<\/p>\n\n\n\n<p style=\"font-size:26px\"><strong>Shipping<\/strong> <strong>policy<\/strong><\/p>\n\n\n\n<p>Ready to ship in 3\u20135 business days. Ship from France.<\/p>\n\n\n\n<p><span style=\"text-decoration: underline;\">France price<\/span> : Flat rate 2 euros<\/p>\n\n\n\n<p><span style=\"text-decoration: underline;\">World-wide price<\/span> : Flat rate 4 euros<\/p>\n\n\n\n<p><\/p>\n\n\n\n<p style=\"font-size:26px\"><strong>Retours et \u00e9changes<\/strong><\/p>\n\n\n\n<p class=\"has-normal-font-size\"><strong>J&rsquo;accepte sans probl\u00e8me les retours, les \u00e9changes et les annulations<\/strong><br>Contactez-moi sous : 14 jours apr\u00e8s la livraison<br>Renvoyez les articles sous : 30 jours apr\u00e8s la livraison<br>Une annulation peut \u00eatre demand\u00e9e : avant l&rsquo;exp\u00e9dition de l&rsquo;article<br><\/p>\n\n\n\n<p class=\"has-normal-font-size\"><strong>Les articles suivants ne peuvent pas \u00eatre retourn\u00e9s ni \u00e9chang\u00e9s<br>Etant donn\u00e9e la nature de ces articles, \u00e0 moins qu&rsquo;ils n&rsquo;arrivent endommag\u00e9s ou d\u00e9fectueux, je ne peux pas accepter les retours pour :<\/strong><br>&#8211; Commandes sur mesure ou personnalis\u00e9es<br>&#8211; Produits p\u00e9rissables (aliments ou fleurs par exemple)<br>&#8211; T\u00e9l\u00e9chargements num\u00e9riques<br>&#8211; Articles intimes (pour des raisons de sant\u00e9\/d&rsquo;hygi\u00e8ne)<\/p>\n\n\n\n<p class=\"has-normal-font-size\"><br><strong>Conditions des retours<\/strong><br>Les frais de port retour sont \u00e0 la charge des acheteurs. Si l&rsquo;article retourn\u00e9 ne se trouve pas dans l&rsquo;\u00e9tat d&rsquo;origine, toute perte de valeur est \u00e0 la charge de l&rsquo;acheteur.<\/p>\n\n\n\n<p class=\"has-normal-font-size\"><br><strong>Vous avez des questions au sujet de votre commande ?<\/strong><br>N&rsquo;h\u00e9sitez pas \u00e0 me contacter en cas de probl\u00e8me avec votre commande.<\/p>\n\n\n\n<p style=\"font-size:26px\"><strong>Politique d&rsquo;Envoie<\/strong><\/p>\n\n\n\n<p>Envoie depuis la France. Envoie sous 3 \u00e0 5 jours apr\u00e8s la commande.<\/p>\n\n\n\n<p>Tarif fixe de 2 euros par commande pour la France, et 4 euros pour le reste du monde.<\/p>\n","protected":false},"excerpt":{"rendered":"<p>Return policy I gladly accept returns and exchangesContact me within: 14 days of deliveryShip items back within: 30 days of deliveryRequest a cancellation: before item has shipped The following items [&hellip;]<\/p>\n","protected":false},"author":3,"featured_media":0,"parent":0,"menu_order":0,"comment_status":"closed","ping_status":"closed","template":"","meta":{"jetpack_post_was_ever_published":false,"footnotes":""},"class_list":["post-5537","page","type-page","status-publish","hentry"],"jetpack_sharing_enabled":true,"jetpack_shortlink":"https:\/\/wp.me\/P9jR0i-1rj","_links":{"self":[{"href":"https:\/\/thecomptoir.com\/fr\/wp-json\/wp\/v2\/pages\/5537","targetHints":{"allow":["GET"]}}],"collection":[{"href":"https:\/\/thecomptoir.com\/fr\/wp-json\/wp\/v2\/pages"}],"about":[{"href":"https:\/\/thecomptoir.com\/fr\/wp-json\/wp\/v2\/types\/page"}],"author":[{"embeddable":true,"href":"https:\/\/thecomptoir.com\/fr\/wp-json\/wp\/v2\/users\/3"}],"replies":[{"embeddable":true,"href":"https:\/\/thecomptoir.com\/fr\/wp-json\/wp\/v2\/comments?post=5537"}],"version-history":[{"count":7,"href":"https:\/\/thecomptoir.com\/fr\/wp-json\/wp\/v2\/pages\/5537\/revisions"}],"predecessor-version":[{"id":6250,"href":"https:\/\/thecomptoir.com\/fr\/wp-json\/wp\/v2\/pages\/5537\/revisions\/6250"}],"wp:attachment":[{"href":"https:\/\/thecomptoir.com\/fr\/wp-json\/wp\/v2\/media?parent=5537"}],"curies":[{"name":"wp","href":"https:\/\/api.w.org\/{rel}","templated":true}]}}