{"id":362,"date":"2021-08-17T17:03:43","date_gmt":"2021-08-17T17:03:43","guid":{"rendered":"https:\/\/demo.athemes.com\/botiga\/?page_id=362"},"modified":"2022-11-30T12:50:17","modified_gmt":"2022-11-30T11:50:17","slug":"home-2","status":"publish","type":"page","link":"https:\/\/thecomptoir.com\/fr\/","title":{"rendered":"Accueil"},"content":{"rendered":"\n<div class=\"wp-block-group alignfull\"><div class=\"wp-block-group__inner-container is-layout-constrained wp-block-group-is-layout-constrained\">\n<div id=\"athemes-blocks-block-16189ab7\" class=\"wp-block-athemes-athemes-blocks-block-container athemes-blocks-block athemes-blocks-block-16189ab7 athemes-blocks-block-container alignfull\"><div class=\"athemes-blocks-block-container-wrapper athemes-blocks-block-container-bg-cover athemes-blocks-block-container-bg-effect-scroll\"><img class=\"athemes-blocks-background-image\" width=\"2000\" height=\"2000\" srcset=\"https:\/\/thecomptoir.com\/fr\/wp-content\/uploads\/2021\/05\/PXL_20210426_151238294-150x150.jpeg 150w, https:\/\/thecomptoir.com\/fr\/wp-content\/uploads\/2021\/05\/PXL_20210426_151238294-300x300.jpeg 300w, https:\/\/thecomptoir.com\/fr\/wp-content\/uploads\/2021\/05\/PXL_20210426_151238294-1024x1024.jpeg 1024w, https:\/\/thecomptoir.com\/fr\/wp-content\/uploads\/2021\/05\/PXL_20210426_151238294.jpeg 2000w, \" sizes=\"(max-width: 2000px) 100vw, 2000px\" alt=\"\"\/><div class=\"athemes-blocks-block-container-wrapper-content\">\n<div class=\"wp-block-buttons is-content-justification-center is-layout-flex wp-container-core-buttons-is-layout-a89b3969 wp-block-buttons-is-layout-flex\">\n<div class=\"wp-block-button has-custom-width wp-block-button__width-75 has-custom-font-size\" style=\"font-size:46px\"><a class=\"wp-block-button__link wp-element-button\" href=\"https:\/\/thecomptoir.com\/fr\/shop-2\/\">Venez d\u00e9couvrir mes kits de broderie<\/a><\/div>\n<\/div>\n\n\n\n<div class=\"wp-block-columns is-layout-flex wp-container-core-columns-is-layout-28f84493 wp-block-columns-is-layout-flex\">\n<div class=\"wp-block-column is-layout-flow wp-block-column-is-layout-flow\" style=\"flex-basis:66.66%\"><\/div>\n<\/div>\n<\/div><\/div><\/div>\n<\/div><\/div>\n\n\n\n<h3 class=\"has-text-align-center wp-block-heading\">Produits phares<\/h3>\n\n\n\n<p class=\"has-text-align-center\">Venez d\u00e9couvrir mes derniers produits con\u00e7us en France, par moi m\u00eame, et de mani\u00e8re \u00e9thique et respectueuse de l&rsquo;environnement.<\/p>\n\n\n\n<div class=\"wp-block-columns is-layout-flex wp-container-core-columns-is-layout-28f84493 wp-block-columns-is-layout-flex\">\n<div class=\"wp-block-column is-layout-flow wp-block-column-is-layout-flow\" style=\"flex-basis:100%\">\n<div class=\"wp-block-columns is-layout-flex wp-container-core-columns-is-layout-28f84493 wp-block-columns-is-layout-flex\">\n<div class=\"wp-block-column is-layout-flow wp-block-column-is-layout-flow\" style=\"flex-basis:100%\"><div data-align-buttons=\"true\" data-block-name=\"woocommerce\/product-new\" data-categories=\"[1594,1595]\" data-content-visibility=\"{&quot;title&quot;:true,&quot;price&quot;:true,&quot;rating&quot;:false,&quot;button&quot;:true}\" data-rows=\"1\" data-stock-status=\"[&quot;&quot;,&quot;instock&quot;,&quot;outofstock&quot;,&quot;onbackorder&quot;]\" class=\"wc-block-grid wp-block-product-new wp-block-woocommerce-product-new wc-block-product-new has-3-columns has-aligned-buttons\"><ul class=\"wc-block-grid__products\"><li class=\"wc-block-grid__product product-grid \">\n\t\t\t\t<div class=\"loop-image-wrap botiga-add-to-cart-button-layout2 botiga-wishlist-button-layout2\">\n\t\t\t\t\t<a href=\"https:\/\/thecomptoir.com\/fr\/produit\/kit-dapprentissage-de-broderie-double-points-de-base-de-perles\/\" class=\"wc-block-grid__product-link\" title=\"Ajouter au panier\">\n\t\t\t\t\t\t<div class=\"wc-block-grid__product-image\"><img loading=\"lazy\" decoding=\"async\" width=\"420\" height=\"420\" src=\"https:\/\/thecomptoir.com\/fr\/wp-content\/uploads\/2026\/02\/1000063455-420x420.jpg\" class=\"attachment-woocommerce_thumbnail size-woocommerce_thumbnail\" alt=\"Kit d\u2019apprentissage de broderie double - points de base de perles\" srcset=\"https:\/\/thecomptoir.com\/fr\/wp-content\/uploads\/2026\/02\/1000063455-420x420.jpg 420w, https:\/\/thecomptoir.com\/fr\/wp-content\/uploads\/2026\/02\/1000063455-300x300.jpg 300w, https:\/\/thecomptoir.com\/fr\/wp-content\/uploads\/2026\/02\/1000063455-1024x1024.jpg 1024w, https:\/\/thecomptoir.com\/fr\/wp-content\/uploads\/2026\/02\/1000063455-150x150.jpg 150w, https:\/\/thecomptoir.com\/fr\/wp-content\/uploads\/2026\/02\/1000063455-768x768.jpg 768w, https:\/\/thecomptoir.com\/fr\/wp-content\/uploads\/2026\/02\/1000063455-1536x1536.jpg 1536w, https:\/\/thecomptoir.com\/fr\/wp-content\/uploads\/2026\/02\/1000063455-2048x2048.jpg 2048w, https:\/\/thecomptoir.com\/fr\/wp-content\/uploads\/2026\/02\/1000063455-1140x1140.jpg 1140w, https:\/\/thecomptoir.com\/fr\/wp-content\/uploads\/2026\/02\/1000063455-920x920.jpg 920w, https:\/\/thecomptoir.com\/fr\/wp-content\/uploads\/2026\/02\/1000063455-575x575.jpg 575w, https:\/\/thecomptoir.com\/fr\/wp-content\/uploads\/2026\/02\/1000063455-380x380.jpg 380w, https:\/\/thecomptoir.com\/fr\/wp-content\/uploads\/2026\/02\/1000063455-50x50.jpg 50w, https:\/\/thecomptoir.com\/fr\/wp-content\/uploads\/2026\/02\/1000063455-26x26.jpg 26w, https:\/\/thecomptoir.com\/fr\/wp-content\/uploads\/2026\/02\/1000063455-1320x1320.jpg 1320w, https:\/\/thecomptoir.com\/fr\/wp-content\/uploads\/2026\/02\/1000063455-800x800.jpg 800w, https:\/\/thecomptoir.com\/fr\/wp-content\/uploads\/2026\/02\/1000063455-100x100.jpg 100w\" sizes=\"auto, (max-width: 420px) 100vw, 420px\" \/><\/div>\n\t\t\t\t\t<\/a>\n\t<a href=\"#\" class=\"botiga-wishlist-button\" data-type=\"add\" data-wishlist-link=\"https:\/\/thecomptoir.com\/fr\/my-wishlist\/\" aria-label=\"Add the product Kit d\u2019apprentissage de broderie double &#8211; points de base de perles to wishlist\" data-product-id=\"9320\" data-nonce=\"8bdfd3db7c\" data-botiga-wishlist-tooltip=\"\">\n\t\t<div class=\"botiga-wishlist-icon-wrapper\" data-wishlist-remove-text=\"Remove from Wishlist\">\n\t\t\t<svg class=\"botiga-wishlist-icon\" width=\"17\" height=\"17\" viewBox=\"0 0 25 22\" fill=\"none\" xmlns=\"http:\/\/www.w3.org\/2000\/svg\">\n\t\t\t\t<path d=\"M13.8213 2.50804L13.8216 2.5078C16.1161 0.140222 19.7976 -0.212946 22.2492 1.87607C25.093 4.30325 25.2444 8.66651 22.6933 11.2992L22.6932 11.2993L13.245 21.055C13.245 21.0551 13.245 21.0551 13.2449 21.0551C12.8311 21.4822 12.1652 21.4822 11.7514 21.0551C11.7513 21.0551 11.7513 21.0551 11.7513 21.055L2.30334 11.2995C-0.243225 8.66684 -0.0918835 4.30344 2.75181 1.8762C5.20368 -0.213127 8.88985 0.140465 11.1793 2.50744L11.1799 2.50804L12.1418 3.49925L12.5006 3.86899L12.8594 3.49925L13.8213 2.50804Z\" stroke-width=\"3\" stroke=\"#212121\" fill=\"transparent\"\/>\n\t\t\t<\/svg>\n\t\t\t<div class=\"botiga-wishlist-loading-icon botigaAnimRotate botiga-anim-infinite\">\n\t\t\t\t<svg fill=\"none\" height=\"20\" viewBox=\"0 0 20 20\" width=\"20\" xmlns=\"http:\/\/www.w3.org\/2000\/svg\"><path d=\"M10 3C6.13401 3 3 6.13401 3 10C3 10.2761 2.77614 10.5 2.5 10.5C2.22386 10.5 2 10.2761 2 10C2 5.58172 5.58172 2 10 2C14.4183 2 18 5.58172 18 10C18 14.4183 14.4183 18 10 18C9.72386 18 9.5 17.7761 9.5 17.5C9.5 17.2239 9.72386 17 10 17C13.866 17 17 13.866 17 10C17 6.13401 13.866 3 10 3Z\" fill=\"#212121\" \/><\/svg>\t\t\t<\/div>\n\t\t<\/div>\n\t<\/a>\n\n\t<\/div><a href=\"https:\/\/thecomptoir.com\/fr\/produit\/kit-dapprentissage-de-broderie-double-points-de-base-de-perles\/\" class=\"wc-block-grid__product-link\">\n\t\t\t\t\t<div class=\"wc-block-grid__product-title\">Kit d\u2019apprentissage de broderie double &#8211; points de base de perles<\/div>\n\t\t\t\t<\/a><div class=\"wc-block-grid__product-price price\"><span class=\"woocommerce-Price-amount amount\">45.00<span class=\"woocommerce-Price-currencySymbol\">&euro;<\/span><\/span><\/div><div class=\"wp-block-button wc-block-grid__product-add-to-cart\"><div class=\"loop-button-wrap button-width-auto button-layout2 \"><a title=\"Ajouter au panier\u00a0: &ldquo;Kit d\u2019apprentissage de broderie double - points de base de perles&rdquo;\" href=\"\/fr\/wp-json\/wp\/v2\/pages\/362?add-to-cart=9320\" aria-describedby=\"woocommerce_loop_add_to_cart_link_describedby_9320\" data-quantity=\"1\" class=\"button product_type_simple add_to_cart_button ajax_add_to_cart\" data-product_id=\"9320\" data-product_sku=\"\" aria-label=\"Ajouter au panier\u00a0: &ldquo;Kit d\u2019apprentissage de broderie double - points de base de perles&rdquo;\" rel=\"nofollow\" data-success_message=\"\u00ab\u00a0Kit d\u2019apprentissage de broderie double - points de base de perles\u00a0\u00bb a \u00e9t\u00e9 ajout\u00e9 \u00e0 votre panier\" role=\"button\">Ajouter au panier<\/a>\t<span id=\"woocommerce_loop_add_to_cart_link_describedby_9320\" class=\"screen-reader-text\">\n\t\t\t<\/span>\n<\/div><\/div><\/li><li class=\"wc-block-grid__product product-grid \">\n\t\t\t\t<div class=\"loop-image-wrap botiga-add-to-cart-button-layout2 botiga-wishlist-button-layout2\">\n\t\t\t\t\t<a href=\"https:\/\/thecomptoir.com\/fr\/produit\/kit-dapprentissage-de-broderie-de-perles-pre-commande\/\" class=\"wc-block-grid__product-link\" title=\"Ajouter au panier\">\n\t\t\t\t\t\t<div class=\"wc-block-grid__product-image\"><img loading=\"lazy\" decoding=\"async\" width=\"420\" height=\"476\" src=\"https:\/\/thecomptoir.com\/fr\/wp-content\/uploads\/2025\/10\/perles-420x476.jpg\" class=\"attachment-woocommerce_thumbnail size-woocommerce_thumbnail\" alt=\"Kit d\u2019apprentissage de broderie de perles\" srcset=\"https:\/\/thecomptoir.com\/fr\/wp-content\/uploads\/2025\/10\/perles-420x476.jpg 420w, https:\/\/thecomptoir.com\/fr\/wp-content\/uploads\/2025\/10\/perles-265x300.jpg 265w, https:\/\/thecomptoir.com\/fr\/wp-content\/uploads\/2025\/10\/perles-903x1024.jpg 903w, https:\/\/thecomptoir.com\/fr\/wp-content\/uploads\/2025\/10\/perles-768x871.jpg 768w, https:\/\/thecomptoir.com\/fr\/wp-content\/uploads\/2025\/10\/perles-1354x1536.jpg 1354w, https:\/\/thecomptoir.com\/fr\/wp-content\/uploads\/2025\/10\/perles-1140x1293.jpg 1140w, https:\/\/thecomptoir.com\/fr\/wp-content\/uploads\/2025\/10\/perles-920x1043.jpg 920w, https:\/\/thecomptoir.com\/fr\/wp-content\/uploads\/2025\/10\/perles-575x652.jpg 575w, https:\/\/thecomptoir.com\/fr\/wp-content\/uploads\/2025\/10\/perles-380x431.jpg 380w, https:\/\/thecomptoir.com\/fr\/wp-content\/uploads\/2025\/10\/perles-1320x1497.jpg 1320w, https:\/\/thecomptoir.com\/fr\/wp-content\/uploads\/2025\/10\/perles-800x907.jpg 800w, https:\/\/thecomptoir.com\/fr\/wp-content\/uploads\/2025\/10\/perles.jpg 1536w\" sizes=\"auto, (max-width: 420px) 100vw, 420px\" \/><\/div>\n\t\t\t\t\t<\/a>\n\t<a href=\"#\" class=\"botiga-wishlist-button\" data-type=\"add\" data-wishlist-link=\"https:\/\/thecomptoir.com\/fr\/my-wishlist\/\" aria-label=\"Add the product Kit d\u2019apprentissage de broderie de perles to wishlist\" data-product-id=\"8938\" data-nonce=\"8bdfd3db7c\" data-botiga-wishlist-tooltip=\"\">\n\t\t<div class=\"botiga-wishlist-icon-wrapper\" data-wishlist-remove-text=\"Remove from Wishlist\">\n\t\t\t<svg class=\"botiga-wishlist-icon\" width=\"17\" height=\"17\" viewBox=\"0 0 25 22\" fill=\"none\" xmlns=\"http:\/\/www.w3.org\/2000\/svg\">\n\t\t\t\t<path d=\"M13.8213 2.50804L13.8216 2.5078C16.1161 0.140222 19.7976 -0.212946 22.2492 1.87607C25.093 4.30325 25.2444 8.66651 22.6933 11.2992L22.6932 11.2993L13.245 21.055C13.245 21.0551 13.245 21.0551 13.2449 21.0551C12.8311 21.4822 12.1652 21.4822 11.7514 21.0551C11.7513 21.0551 11.7513 21.0551 11.7513 21.055L2.30334 11.2995C-0.243225 8.66684 -0.0918835 4.30344 2.75181 1.8762C5.20368 -0.213127 8.88985 0.140465 11.1793 2.50744L11.1799 2.50804L12.1418 3.49925L12.5006 3.86899L12.8594 3.49925L13.8213 2.50804Z\" stroke-width=\"3\" stroke=\"#212121\" fill=\"transparent\"\/>\n\t\t\t<\/svg>\n\t\t\t<div class=\"botiga-wishlist-loading-icon botigaAnimRotate botiga-anim-infinite\">\n\t\t\t\t<svg fill=\"none\" height=\"20\" viewBox=\"0 0 20 20\" width=\"20\" xmlns=\"http:\/\/www.w3.org\/2000\/svg\"><path d=\"M10 3C6.13401 3 3 6.13401 3 10C3 10.2761 2.77614 10.5 2.5 10.5C2.22386 10.5 2 10.2761 2 10C2 5.58172 5.58172 2 10 2C14.4183 2 18 5.58172 18 10C18 14.4183 14.4183 18 10 18C9.72386 18 9.5 17.7761 9.5 17.5C9.5 17.2239 9.72386 17 10 17C13.866 17 17 13.866 17 10C17 6.13401 13.866 3 10 3Z\" fill=\"#212121\" \/><\/svg>\t\t\t<\/div>\n\t\t<\/div>\n\t<\/a>\n\n\t<\/div><a href=\"https:\/\/thecomptoir.com\/fr\/produit\/kit-dapprentissage-de-broderie-de-perles-pre-commande\/\" class=\"wc-block-grid__product-link\">\n\t\t\t\t\t<div class=\"wc-block-grid__product-title\">Kit d\u2019apprentissage de broderie de perles<\/div>\n\t\t\t\t<\/a><div class=\"wc-block-grid__product-price price\"><span class=\"woocommerce-Price-amount amount\">32.00<span class=\"woocommerce-Price-currencySymbol\">&euro;<\/span><\/span><\/div><div class=\"wp-block-button wc-block-grid__product-add-to-cart\"><div class=\"loop-button-wrap button-width-auto button-layout2 \"><a title=\"Ajouter au panier\u00a0: &ldquo;Kit d\u2019apprentissage de broderie de perles&rdquo;\" href=\"\/fr\/wp-json\/wp\/v2\/pages\/362?add-to-cart=8938\" aria-describedby=\"woocommerce_loop_add_to_cart_link_describedby_8938\" data-quantity=\"1\" class=\"button product_type_simple add_to_cart_button ajax_add_to_cart\" data-product_id=\"8938\" data-product_sku=\"\" aria-label=\"Ajouter au panier\u00a0: &ldquo;Kit d\u2019apprentissage de broderie de perles&rdquo;\" rel=\"nofollow\" data-success_message=\"\u00ab\u00a0Kit d\u2019apprentissage de broderie de perles\u00a0\u00bb a \u00e9t\u00e9 ajout\u00e9 \u00e0 votre panier\" role=\"button\">Ajouter au panier<\/a>\t<span id=\"woocommerce_loop_add_to_cart_link_describedby_8938\" class=\"screen-reader-text\">\n\t\t\t<\/span>\n<\/div><\/div><\/li><li class=\"wc-block-grid__product product-grid \">\n\t\t\t\t<div class=\"loop-image-wrap botiga-add-to-cart-button-layout2 botiga-wishlist-button-layout2\">\n\t\t\t\t\t<a href=\"https:\/\/thecomptoir.com\/fr\/produit\/la-grenadiere-kit-de-broderie\/\" class=\"wc-block-grid__product-link\" title=\"Ajouter au panier\">\n\t\t\t\t\t\t<div class=\"wc-block-grid__product-image\"><img loading=\"lazy\" decoding=\"async\" width=\"420\" height=\"420\" src=\"https:\/\/thecomptoir.com\/fr\/wp-content\/uploads\/2024\/06\/couv-kit-420x420.jpg\" class=\"attachment-woocommerce_thumbnail size-woocommerce_thumbnail\" alt=\"La Grenadi\u00e8re - kit de broderie\" srcset=\"https:\/\/thecomptoir.com\/fr\/wp-content\/uploads\/2024\/06\/couv-kit-420x420.jpg 420w, https:\/\/thecomptoir.com\/fr\/wp-content\/uploads\/2024\/06\/couv-kit-300x300.jpg 300w, https:\/\/thecomptoir.com\/fr\/wp-content\/uploads\/2024\/06\/couv-kit-1024x1024.jpg 1024w, https:\/\/thecomptoir.com\/fr\/wp-content\/uploads\/2024\/06\/couv-kit-150x150.jpg 150w, https:\/\/thecomptoir.com\/fr\/wp-content\/uploads\/2024\/06\/couv-kit-768x768.jpg 768w, https:\/\/thecomptoir.com\/fr\/wp-content\/uploads\/2024\/06\/couv-kit-1140x1140.jpg 1140w, https:\/\/thecomptoir.com\/fr\/wp-content\/uploads\/2024\/06\/couv-kit-920x920.jpg 920w, https:\/\/thecomptoir.com\/fr\/wp-content\/uploads\/2024\/06\/couv-kit-575x575.jpg 575w, https:\/\/thecomptoir.com\/fr\/wp-content\/uploads\/2024\/06\/couv-kit-380x380.jpg 380w, https:\/\/thecomptoir.com\/fr\/wp-content\/uploads\/2024\/06\/couv-kit-50x50.jpg 50w, https:\/\/thecomptoir.com\/fr\/wp-content\/uploads\/2024\/06\/couv-kit-26x26.jpg 26w, https:\/\/thecomptoir.com\/fr\/wp-content\/uploads\/2024\/06\/couv-kit-800x800.jpg 800w, https:\/\/thecomptoir.com\/fr\/wp-content\/uploads\/2024\/06\/couv-kit-100x100.jpg 100w, https:\/\/thecomptoir.com\/fr\/wp-content\/uploads\/2024\/06\/couv-kit.jpg 1204w\" sizes=\"auto, (max-width: 420px) 100vw, 420px\" \/><\/div>\n\t\t\t\t\t<\/a>\n\t<a href=\"#\" class=\"botiga-wishlist-button\" data-type=\"add\" data-wishlist-link=\"https:\/\/thecomptoir.com\/fr\/my-wishlist\/\" aria-label=\"Add the product La Grenadi\u00e8re &#8211; kit de broderie to wishlist\" data-product-id=\"8127\" data-nonce=\"8bdfd3db7c\" data-botiga-wishlist-tooltip=\"\">\n\t\t<div class=\"botiga-wishlist-icon-wrapper\" data-wishlist-remove-text=\"Remove from Wishlist\">\n\t\t\t<svg class=\"botiga-wishlist-icon\" width=\"17\" height=\"17\" viewBox=\"0 0 25 22\" fill=\"none\" xmlns=\"http:\/\/www.w3.org\/2000\/svg\">\n\t\t\t\t<path d=\"M13.8213 2.50804L13.8216 2.5078C16.1161 0.140222 19.7976 -0.212946 22.2492 1.87607C25.093 4.30325 25.2444 8.66651 22.6933 11.2992L22.6932 11.2993L13.245 21.055C13.245 21.0551 13.245 21.0551 13.2449 21.0551C12.8311 21.4822 12.1652 21.4822 11.7514 21.0551C11.7513 21.0551 11.7513 21.0551 11.7513 21.055L2.30334 11.2995C-0.243225 8.66684 -0.0918835 4.30344 2.75181 1.8762C5.20368 -0.213127 8.88985 0.140465 11.1793 2.50744L11.1799 2.50804L12.1418 3.49925L12.5006 3.86899L12.8594 3.49925L13.8213 2.50804Z\" stroke-width=\"3\" stroke=\"#212121\" fill=\"transparent\"\/>\n\t\t\t<\/svg>\n\t\t\t<div class=\"botiga-wishlist-loading-icon botigaAnimRotate botiga-anim-infinite\">\n\t\t\t\t<svg fill=\"none\" height=\"20\" viewBox=\"0 0 20 20\" width=\"20\" xmlns=\"http:\/\/www.w3.org\/2000\/svg\"><path d=\"M10 3C6.13401 3 3 6.13401 3 10C3 10.2761 2.77614 10.5 2.5 10.5C2.22386 10.5 2 10.2761 2 10C2 5.58172 5.58172 2 10 2C14.4183 2 18 5.58172 18 10C18 14.4183 14.4183 18 10 18C9.72386 18 9.5 17.7761 9.5 17.5C9.5 17.2239 9.72386 17 10 17C13.866 17 17 13.866 17 10C17 6.13401 13.866 3 10 3Z\" fill=\"#212121\" \/><\/svg>\t\t\t<\/div>\n\t\t<\/div>\n\t<\/a>\n\n\t<\/div><a href=\"https:\/\/thecomptoir.com\/fr\/produit\/la-grenadiere-kit-de-broderie\/\" class=\"wc-block-grid__product-link\">\n\t\t\t\t\t<div class=\"wc-block-grid__product-title\">La Grenadi\u00e8re &#8211; kit de broderie<\/div>\n\t\t\t\t<\/a><div class=\"wc-block-grid__product-price price\"><span class=\"woocommerce-Price-amount amount\">30.00<span class=\"woocommerce-Price-currencySymbol\">&euro;<\/span><\/span><\/div><div class=\"wp-block-button wc-block-grid__product-add-to-cart\"><div class=\"loop-button-wrap button-width-auto button-layout2 \"><a title=\"Ajouter au panier\u00a0: &ldquo;La Grenadi\u00e8re - kit de broderie&rdquo;\" href=\"\/fr\/wp-json\/wp\/v2\/pages\/362?add-to-cart=8127\" aria-describedby=\"woocommerce_loop_add_to_cart_link_describedby_8127\" data-quantity=\"1\" class=\"button product_type_simple add_to_cart_button ajax_add_to_cart\" data-product_id=\"8127\" data-product_sku=\"\" aria-label=\"Ajouter au panier\u00a0: &ldquo;La Grenadi\u00e8re - kit de broderie&rdquo;\" rel=\"nofollow\" data-success_message=\"\u00ab\u00a0La Grenadi\u00e8re - kit de broderie\u00a0\u00bb a \u00e9t\u00e9 ajout\u00e9 \u00e0 votre panier\" role=\"button\">Ajouter au panier<\/a>\t<span id=\"woocommerce_loop_add_to_cart_link_describedby_8127\" class=\"screen-reader-text\">\n\t\t\t<\/span>\n<\/div><\/div><\/li><\/ul><\/div><\/div>\n<\/div>\n<\/div>\n<\/div>\n\n\n\n<div id=\"athemes-blocks-block-277ee1f7\" class=\"wp-block-athemes-athemes-blocks-block-container athemes-blocks-block athemes-blocks-block-277ee1f7 athemes-blocks-block-container alignfull\"><div class=\"athemes-blocks-block-container-wrapper athemes-blocks-block-container-bg-cover athemes-blocks-block-container-bg-effect-scroll\"><img class=\"athemes-blocks-background-image\" width=\"2560\" height=\"1920\" srcset=\"https:\/\/thecomptoir.com\/fr\/wp-content\/uploads\/2021\/06\/PXL_20210619_073645757.PORTRAIT-150x150.jpg 150w, https:\/\/thecomptoir.com\/fr\/wp-content\/uploads\/2021\/06\/PXL_20210619_073645757.PORTRAIT-300x225.jpg 300w, https:\/\/thecomptoir.com\/fr\/wp-content\/uploads\/2021\/06\/PXL_20210619_073645757.PORTRAIT-1024x768.jpg 1024w, https:\/\/thecomptoir.com\/fr\/wp-content\/uploads\/2021\/06\/PXL_20210619_073645757.PORTRAIT-scaled.jpg 2560w, \" sizes=\"auto, (max-width: 2560px) 100vw, 2560px\" alt=\"\" loading=\"lazy\"\/><div class=\"athemes-blocks-block-container-wrapper-content\">\n<p><\/p>\n\n\n\n<p><\/p>\n\n\n\n<h3 class=\"has-text-align-left has-color-0-color has-text-color wp-block-heading\">Si vous voulez d\u00e9couvrir mes projets <\/h3>\n\n\n\n<h3 class=\"has-text-align-left has-color-0-color has-text-color wp-block-heading\">couture et broderie, c&rsquo;est par ici.<\/h3>\n\n\n\n<p><\/p>\n\n\n\n<div class=\"wp-block-buttons is-horizontal is-content-justification-center is-layout-flex wp-container-core-buttons-is-layout-03627597 wp-block-buttons-is-layout-flex\">\n<div class=\"wp-block-button\"><a class=\"wp-block-button__link wp-element-button\" href=\"https:\/\/thecomptoir.com\/fr\/category\/blog\/\">Blog<\/a><\/div>\n<\/div>\n<\/div><\/div><\/div>\n\n\n\n<h3 class=\"has-text-align-center wp-block-heading\">Cat\u00e9gories de produits<\/h3>\n\n\n\n<p class=\"has-text-align-center\">Vous vous sentez d&rsquo;humeur cr\u00e9ative? venez d\u00e9couvrir mes kit de broderie, de punch needle et de macram\u00e9.<\/p>\n\n\n\n<div class=\"wp-block-columns is-layout-flex wp-container-core-columns-is-layout-28f84493 wp-block-columns-is-layout-flex\">\n<div class=\"wp-block-column is-layout-flow wp-block-column-is-layout-flow\">\n<p class=\"has-text-align-center has-color-0-color has-text-color\"><a href=\"https:\/\/thecomptoir.com\/fr\/categorie-produit\/projets-dapprentissage\/\">Projets d&rsquo;apprentissage<\/a><\/p>\n\n\n<div class=\"wp-block-image is-style-default\">\n<figure class=\"aligncenter size-large is-resized\"><a href=\"categorie-produit\/projets-dapprentissage\/\"><img loading=\"lazy\" decoding=\"async\" src=\"https:\/\/thecomptoir.com\/fr\/wp-content\/uploads\/2022\/09\/Capture-de\u0301cran-2022-09-16-a\u0300-10.11.01-AM-1024x766.png\" alt=\"\" class=\"wp-image-6133\" width=\"267\" height=\"199\" srcset=\"https:\/\/thecomptoir.com\/fr\/wp-content\/uploads\/2022\/09\/Capture-de\u0301cran-2022-09-16-a\u0300-10.11.01-AM-1024x766.png 1024w, https:\/\/thecomptoir.com\/fr\/wp-content\/uploads\/2022\/09\/Capture-de\u0301cran-2022-09-16-a\u0300-10.11.01-AM-420x314.png 420w, https:\/\/thecomptoir.com\/fr\/wp-content\/uploads\/2022\/09\/Capture-de\u0301cran-2022-09-16-a\u0300-10.11.01-AM-800x599.png 800w, https:\/\/thecomptoir.com\/fr\/wp-content\/uploads\/2022\/09\/Capture-de\u0301cran-2022-09-16-a\u0300-10.11.01-AM-300x224.png 300w, https:\/\/thecomptoir.com\/fr\/wp-content\/uploads\/2022\/09\/Capture-de\u0301cran-2022-09-16-a\u0300-10.11.01-AM-768x575.png 768w, https:\/\/thecomptoir.com\/fr\/wp-content\/uploads\/2022\/09\/Capture-de\u0301cran-2022-09-16-a\u0300-10.11.01-AM-1536x1149.png 1536w, https:\/\/thecomptoir.com\/fr\/wp-content\/uploads\/2022\/09\/Capture-de\u0301cran-2022-09-16-a\u0300-10.11.01-AM-2048x1532.png 2048w, https:\/\/thecomptoir.com\/fr\/wp-content\/uploads\/2022\/09\/Capture-de\u0301cran-2022-09-16-a\u0300-10.11.01-AM-550x412.png 550w\" sizes=\"auto, (max-width: 267px) 100vw, 267px\" \/><\/a><\/figure><\/div><\/div>\n\n\n\n<div class=\"wp-block-column is-layout-flow wp-block-column-is-layout-flow\">\n<p class=\"has-text-align-center has-color-0-color has-text-color\"><a href=\"https:\/\/thecomptoir.com\/fr\/categorie-produit\/projets-guides\/\" data-type=\"URL\">Projets guid\u00e9s<\/a><\/p>\n\n\n<div class=\"wp-block-image\">\n<figure class=\"aligncenter size-large is-resized\"><a href=\"categorie-produit\/projets-guides\/\"><img loading=\"lazy\" decoding=\"async\" src=\"https:\/\/thecomptoir.com\/fr\/wp-content\/uploads\/2021\/06\/Etsy3-1024x882.jpg\" alt=\"\" class=\"wp-image-5585\" width=\"288\" height=\"248\" srcset=\"https:\/\/thecomptoir.com\/fr\/wp-content\/uploads\/2021\/06\/Etsy3-1024x882.jpg 1024w, https:\/\/thecomptoir.com\/fr\/wp-content\/uploads\/2021\/06\/Etsy3-420x362.jpg 420w, https:\/\/thecomptoir.com\/fr\/wp-content\/uploads\/2021\/06\/Etsy3-800x689.jpg 800w, https:\/\/thecomptoir.com\/fr\/wp-content\/uploads\/2021\/06\/Etsy3-300x259.jpg 300w, https:\/\/thecomptoir.com\/fr\/wp-content\/uploads\/2021\/06\/Etsy3-768x662.jpg 768w, https:\/\/thecomptoir.com\/fr\/wp-content\/uploads\/2021\/06\/Etsy3-1536x1324.jpg 1536w, https:\/\/thecomptoir.com\/fr\/wp-content\/uploads\/2021\/06\/Etsy3-2048x1765.jpg 2048w, https:\/\/thecomptoir.com\/fr\/wp-content\/uploads\/2021\/06\/Etsy3-550x474.jpg 550w, https:\/\/thecomptoir.com\/fr\/wp-content\/uploads\/2021\/06\/Etsy3-600x517.jpg 600w\" sizes=\"auto, (max-width: 288px) 100vw, 288px\" \/><\/a><\/figure><\/div><\/div>\n\n\n\n<div class=\"wp-block-column is-layout-flow wp-block-column-is-layout-flow\">\n<p class=\"has-text-align-center has-color-0-color has-text-color\"><a href=\"https:\/\/thecomptoir.com\/fr\/categorie-produit\/projets-libres\/\">Projets libres<\/a><\/p>\n\n\n<div class=\"wp-block-image\">\n<figure class=\"aligncenter size-large is-resized\"><a href=\"categorie-produit\/projets-libres\/\"><img loading=\"lazy\" decoding=\"async\" src=\"https:\/\/thecomptoir.com\/fr\/wp-content\/uploads\/2022\/06\/Colette-double-fils-826x1024.png\" alt=\"\" class=\"wp-image-6076\" width=\"199\" height=\"246\" srcset=\"https:\/\/thecomptoir.com\/fr\/wp-content\/uploads\/2022\/06\/Colette-double-fils-826x1024.png 826w, https:\/\/thecomptoir.com\/fr\/wp-content\/uploads\/2022\/06\/Colette-double-fils-420x521.png 420w, https:\/\/thecomptoir.com\/fr\/wp-content\/uploads\/2022\/06\/Colette-double-fils-800x992.png 800w, https:\/\/thecomptoir.com\/fr\/wp-content\/uploads\/2022\/06\/Colette-double-fils-242x300.png 242w, https:\/\/thecomptoir.com\/fr\/wp-content\/uploads\/2022\/06\/Colette-double-fils-768x953.png 768w, https:\/\/thecomptoir.com\/fr\/wp-content\/uploads\/2022\/06\/Colette-double-fils-550x682.png 550w, https:\/\/thecomptoir.com\/fr\/wp-content\/uploads\/2022\/06\/Colette-double-fils.png 1198w\" sizes=\"auto, (max-width: 199px) 100vw, 199px\" \/><\/a><\/figure><\/div><\/div>\n<\/div>\n\n\n\n<h2 class=\"wp-block-heading\"><\/h2>\n","protected":false},"excerpt":{"rendered":"<p>Produits phares Venez d\u00e9couvrir mes derniers produits con\u00e7us en France, par moi m\u00eame, et de mani\u00e8re \u00e9thique et respectueuse de l&rsquo;environnement. Cat\u00e9gories de produits Vous vous sentez d&rsquo;humeur cr\u00e9ative? venez [&hellip;]<\/p>\n","protected":false},"author":3,"featured_media":0,"parent":0,"menu_order":0,"comment_status":"closed","ping_status":"closed","template":"","meta":{"jetpack_post_was_ever_published":false,"footnotes":""},"class_list":["post-362","page","type-page","status-publish","hentry"],"jetpack_sharing_enabled":true,"jetpack_shortlink":"https:\/\/wp.me\/P9jR0i-5Q","_links":{"self":[{"href":"https:\/\/thecomptoir.com\/fr\/wp-json\/wp\/v2\/pages\/362","targetHints":{"allow":["GET"]}}],"collection":[{"href":"https:\/\/thecomptoir.com\/fr\/wp-json\/wp\/v2\/pages"}],"about":[{"href":"https:\/\/thecomptoir.com\/fr\/wp-json\/wp\/v2\/types\/page"}],"author":[{"embeddable":true,"href":"https:\/\/thecomptoir.com\/fr\/wp-json\/wp\/v2\/users\/3"}],"replies":[{"embeddable":true,"href":"https:\/\/thecomptoir.com\/fr\/wp-json\/wp\/v2\/comments?post=362"}],"version-history":[{"count":34,"href":"https:\/\/thecomptoir.com\/fr\/wp-json\/wp\/v2\/pages\/362\/revisions"}],"predecessor-version":[{"id":6385,"href":"https:\/\/thecomptoir.com\/fr\/wp-json\/wp\/v2\/pages\/362\/revisions\/6385"}],"wp:attachment":[{"href":"https:\/\/thecomptoir.com\/fr\/wp-json\/wp\/v2\/media?parent=362"}],"curies":[{"name":"wp","href":"https:\/\/api.w.org\/{rel}","templated":true}]}}