{"id":2,"date":"2015-10-25T15:51:00","date_gmt":"2015-10-25T14:51:00","guid":{"rendered":"http:\/\/thecomptoir.com\/fr\/?page_id=2"},"modified":"2026-02-20T10:35:58","modified_gmt":"2026-02-20T09:35:58","slug":"contact","status":"publish","type":"page","link":"https:\/\/thecomptoir.com\/fr\/contact\/","title":{"rendered":"\u00c0 propos"},"content":{"rendered":"\n<h2 class=\"wp-block-heading\">\u00c0 propos de moi<\/h2>\n\n\n\n<p>Je m&rsquo;appelle Elise, je suis la cr\u00e9atrice derri\u00e8re TheComptoir. Je suis fran\u00e7aise et j&rsquo;ai pass\u00e9e 5 ans, de 2015 \u00e0 2020, aux \u00c9tat-Unis o\u00f9 mon entreprise est n\u00e9e. Je brode depuis 2016 et mon entreprise a vu le jour en 2017. Je me d\u00e9place r\u00e9guli\u00e8rement en France pour des salons cr\u00e9atifs, des ateliers, ou pour le plaisir !<\/p>\n\n\n\n<p>Que ce soit dans ma vie personnelle ou professionnelle, je travaille chaque jour \u00e0 pr\u00e9server le monde dans lequel nous vivons, que soit sur la qualit\u00e9 et la provenance des produits que je propose ou ce que je transmets \u00e0 mes enfants. Je ne pratique pas de soldes sur mes produit, je ne vous pousserez jamais \u00e0 la consommation.<\/p>\n\n\n\n<h2 class=\"wp-block-heading\">\u00c0 propos de mes kits de broderie<\/h2>\n\n\n\n<p>Broder est pour moi le moyen le plus fort et le plus po\u00e9tique de parler de sujets puissants qui m&rsquo;animent au quotidien tel que le f\u00e9minisme, l&rsquo;\u00e9cologie, toutes formes de discriminations, la beaut\u00e9 de la diff\u00e9rence et j&rsquo;en passe. Ces questionnements sont au coeur de tout mon travail. J&rsquo;ai \u00e9galement fait le choix de proposer des kits de broderies accessibles \u00e0 toutes les personnes qui voudraient se lancer dans cette pratique.<\/p>\n\n\n\n<p>Je fais en sorte que mes kits soient le plus \u00e9co-responsables tout en garantissant un prix le plus juste et accessible possible. Les \u00ab\u00a0loisirs cr\u00e9atifs\u00a0\u00bb ne devraient pas \u00eatre un luxe inaccessible. Mes kits, m\u00eame les mod\u00e8les d\u00e9j\u00e0 existants, sont en perp\u00e9tuel \u00e9volution pour se rapprocher de plus en plus de l&rsquo;\u00e9thique que je me suis fix\u00e9e.<\/p>\n\n\n\n<h2 class=\"wp-block-heading\">Composition des kits :<\/h2>\n\n\n\n<ul class=\"wp-block-list\">\n<li>Les packagings, papier \u00e0 broder et livrets (sauf stock restant) sont imprim\u00e9s sur du papier fran\u00e7ais 100% recycl\u00e9 par une imprimerie \u00e9co-responsable Angevine. <\/li>\n\n\n\n<li>Les aiguilles sont faites en France. <\/li>\n\n\n\n<li>Le tissu (sauf stock restant) est de la popeline de coton biologique imprim\u00e9 \u00e0 Mulhouse. <\/li>\n\n\n\n<li>Les boites et enveloppes sont soit faites en France avec 70% de papier soit en Hollande.<\/li>\n\n\n\n<li>Les fils sont soit des \u00e9chevettes DMC (oeko-tex) soit des cones DMC de seconde main (oeko-tex) soit des laines \u00e0 broder bio (<a rel=\"noreferrer noopener\" href=\"https:\/\/www.maisonseptembre.com\/\" target=\"_blank\">Maison Septembre<\/a>). Les kits qui ne sont pas vendus avec des \u00e9chevettes compl\u00e8tes ont des fils entour\u00e9s autour de plaquettes de carton de r\u00e9cup\u00e9ration.<\/li>\n\n\n\n<li>Les tambours \u00e0 broder sont le point noir de mes kits, ils sont achet\u00e9s soit en R\u00e9publique Tch\u00e8que soit en Chine, pays d&rsquo;o\u00f9 tous les tambours sont originaires.<\/li>\n<\/ul>\n\n\n\n<h2 class=\"wp-block-heading\">Le P\u00f4le \u00c9thique<\/h2>\n\n\n\n<p>Mon engagement va au del\u00e0 de ce que je peux proposer dans mes kits. Depuis 2021, je fais partie du Collectif Le P\u00f4le \u00c9thique qui regroupe des cr\u00e9atrices et cr\u00e9ateurs du DIY responsable. Si vous \u00eates client.e.s de ce genre de produits ou que vous \u00eates une petite entreprise qui se reconnait dans ces valeurs, je vous invite \u00e0 d\u00e9couvrir le P\u00f4le \u00c9thique en suivant le <a href=\"https:\/\/www.instagram.com\/le_pole_ethique\" target=\"_blank\" rel=\"noreferrer noopener\">compte Instagram <\/a>et en lisant <a href=\"https:\/\/www.hysope-tissus.fr\/Lepoleethique.y.htm\" target=\"_blank\" rel=\"noreferrer noopener\">notre charte<\/a>. Si vous d\u00e9sirez participer \u00e0 cette belle aventure, je vous laisse nous contacter : <a href=\"mailto:lepoleethique21@gmail.com\">lepoleethique21@gmail.com<\/a><\/p>\n\n\n\n<h2 class=\"wp-block-heading\">O\u00f9 trouver mes produits<\/h2>\n\n\n\n<p>En plus de mon site internet, vous pouvez trouver mes produits dans les magasins suivants (je ne peux vous garantir la disponibilit\u00e9 des produits, n&rsquo;h\u00e9sitez pas \u00e0 contacter les boutique ou \u00e0 vous y rendre) :<\/p>\n\n\n\n<p><strong>In France &#8211; En France :<\/strong><\/p>\n\n\n\n<ul class=\"wp-block-list\">\n<li><a href=\"https:\/\/www.mtoinette.com\/\" data-type=\"link\" data-id=\"https:\/\/www.mtoinette.com\/\">M&rsquo;Toinette<\/a><a href=\"https:\/\/www.mtoinette.com\/\"> <\/a>&#8211; Gex (01)<\/li>\n\n\n\n<li><a href=\"https:\/\/www.facebook.com\/p\/Alexception-Boutique-61564113667301\/\" data-type=\"link\" data-id=\"https:\/\/www.facebook.com\/p\/Alexception-Boutique-61564113667301\/\">Alex&rsquo;ception<\/a> &#8211; (01)<\/li>\n\n\n\n<li><a href=\"https:\/\/lamerlette.fr\/\">La Merlette<\/a> &#8211; Boubon l&rsquo;Archambault (03)<\/li>\n\n\n\n<li><a href=\"https:\/\/www.pagesjaunes.fr\/pros\/63525112\" data-type=\"link\" data-id=\"https:\/\/www.pagesjaunes.fr\/pros\/63525112\">Quai 06, magasin le Faubourg<\/a> &#8211; Vence (06)<\/li>\n\n\n\n<li>Noir et Blanc &#8211; St R\u00e9my de Provence (13)<\/li>\n\n\n\n<li><a href=\"https:\/\/laboiteabonheur.com\/\" data-type=\"link\" data-id=\"https:\/\/laboiteabonheur.com\/\">La boite \u00e0 bonheur <\/a>&#8211; Bayeux (14)<\/li>\n\n\n\n<li><a href=\"https:\/\/www.instagram.com\/saperlipopette_vire\/\" data-type=\"link\" data-id=\"https:\/\/www.instagram.com\/saperlipopette_vire\/\">Saperlipopette<\/a> &#8211; Vire (14)<\/li>\n\n\n\n<li><a href=\"https:\/\/www.instagram.com\/carnetderoute.aurillac\/\">Carnet de Route<\/a> &#8211; Aurillac (15)<\/li>\n\n\n\n<li><a href=\"https:\/\/www.instagram.com\/libreacces\/?hl=fr\" data-type=\"link\" data-id=\"https:\/\/www.instagram.com\/libreacces\/?hl=fr\">Libre Acc\u00e8s<\/a> &#8211; Ussel (19)<\/li>\n\n\n\n<li><a href=\"https:\/\/www.instagram.com\/coeursdeuxbohemes\/\" data-type=\"link\" data-id=\"https:\/\/www.instagram.com\/coeursdeuxbohemes\/\">Coeur deux Boh\u00e8me<\/a> &#8211; Bastia (20)<\/li>\n\n\n\n<li><a href=\"https:\/\/www.instagram.com\/lelapinblanclannion\/?hl=fr\" data-type=\"link\" data-id=\"https:\/\/www.instagram.com\/lelapinblanclannion\/?hl=fr\">Le Lapin Blanc<\/a> &#8211; Lannion (22)<\/li>\n\n\n\n<li><a href=\"https:\/\/www.mercerielesjolieschoses.fr\/\" target=\"_blank\" rel=\"noreferrer noopener\">Mercerie les Jolies Choses<\/a>&nbsp;&#8211; Crest (26)<\/li>\n\n\n\n<li><a href=\"https:\/\/www.crearomans.com\/\" data-type=\"link\" data-id=\"https:\/\/www.crearomans.com\/\">Mercerie Cr\u00e9aRomans<\/a> &#8211; Romans sur Is\u00e8re (26)<\/li>\n\n\n\n<li>La capucine de Giverny &#8211; Giverny (27)<\/li>\n\n\n\n<li><a href=\"https:\/\/www.librairieravy.fr\/\">Librairie Ravy<\/a> &#8211; Quimper (29)<\/li>\n\n\n\n<li><a href=\"https:\/\/www.arbreauxsouhaits.com\/\" data-type=\"link\" data-id=\"https:\/\/www.arbreauxsouhaits.com\/\">L&rsquo;arbre aux souhaits<\/a> &#8211; Brest (29)<\/li>\n\n\n\n<li><a href=\"https:\/\/www.histoires-de-filles.com\/index.php\/blog\/boutiques\" target=\"_blank\" rel=\"noreferrer noopener\">Histoires de filles<\/a>&nbsp;&#8211; Aigues-Mortes (30)<\/li>\n\n\n\n<li><a href=\"https:\/\/facebook.com\/Perlepompons\/\">Perl\u00e9pompons <\/a>&#8211; Nimes (30)<\/li>\n\n\n\n<li><a href=\"https:\/\/www.arrow-workshop.com\/fr\/\" target=\"_blank\" rel=\"noreferrer noopener\">Arrow Workshop<\/a> &#8211; Toulouse (31)<\/li>\n\n\n\n<li><a href=\"https:\/\/www.facebook.com\/pomponchic2\/?locale=fr_FR\">Le Pompon Chic<\/a> &#8211; Villefranche de Lauragais (31)<\/li>\n\n\n\n<li><a href=\"https:\/\/www.latelierbordeaux.com\/\">L&rsquo;Atelier <\/a>&#8211; Bordeaux (33)<\/li>\n\n\n\n<li><a href=\"https:\/\/www.mintbazar.fr\/\" data-type=\"link\" data-id=\"https:\/\/www.mintbazar.fr\/\">Mint Bazar<\/a> &#8211; Bordeaux (33)<\/li>\n\n\n\n<li><a href=\"https:\/\/www.capc-bordeaux.fr\/\" data-type=\"link\" data-id=\"https:\/\/www.capc-bordeaux.fr\/\">Boutique du CAPC<\/a> &#8211; Bordeaux (33)<\/li>\n\n\n\n<li><a href=\"https:\/\/www.ecolaines.com\/\" data-type=\"link\" data-id=\"https:\/\/www.commerce-associe.fr\/enseigne-cooperative-annuaire\/super-u\/sas-ets-mercier-vinzier\">Ecolaines<\/a> &#8211; Vezin le Coquet (35)<\/li>\n\n\n\n<li><a href=\"https:\/\/www.instagram.com\/graine_de_moutarde_\/\" data-type=\"link\" data-id=\"https:\/\/www.instagram.com\/graine_de_moutarde_\/\">Graine de Moutarde<\/a> &#8211; Vitr\u00e9 (35)<\/li>\n\n\n\n<li><a href=\"https:\/\/www.merssy-conceptstore.fr\/\" data-type=\"link\" data-id=\"https:\/\/www.merssy-conceptstore.fr\/\">Merssy<\/a> &#8211; Pac\u00e9 (35)<\/li>\n\n\n\n<li><a href=\"https:\/\/www.instagram.com\/les_couturieuses_grenoble\/?hl=fr\" data-type=\"link\" data-id=\"https:\/\/www.instagram.com\/les_couturieuses_grenoble\/?hl=fr\" target=\"_blank\" rel=\"noreferrer noopener\">Les Couturieuses<\/a> &#8211; Grenoble (38)<\/li>\n\n\n\n<li><a href=\"https:\/\/www.grenadieres.com\/\">La maison des Grenadi\u00e8res <\/a>&#8211; Cervi\u00e8res (42)<\/li>\n\n\n\n<li><a href=\"https:\/\/www.instagram.com\/sidonielou\/\" data-type=\"link\" data-id=\"https:\/\/www.instagram.com\/sidonielou\/\">Salon de th\u00e9 cr\u00e9atif Sidonie-Lou<\/a> &#8211; Feurs (42)<\/li>\n\n\n\n<li><a href=\"https:\/\/www.lessimonescoffeeandshop.com\/\" data-type=\"link\" data-id=\"https:\/\/www.lessimonescoffeeandshop.com\/\">Les SIMONES<\/a> &#8211; St Etienne (42)<\/li>\n\n\n\n<li><a href=\"https:\/\/www.laiguilledespins.fr\/\" data-type=\"link\" data-id=\"https:\/\/www.laiguilledespins.fr\/\">L&rsquo;aiguille des Pins<\/a> &#8211; Saint Brevin les Pins (44)<\/li>\n\n\n\n<li>Les p&rsquo;tits papiers &#8211; Saint C\u00e9r\u00e9 (46)<\/li>\n\n\n\n<li><a href=\"https:\/\/www.instagram.com\/boutiquecuriosites\/?hl=fr\" target=\"_blank\" rel=\"noreferrer noopener\">La manufacture<\/a>&nbsp;&#8211; Roubaix (59)<\/li>\n\n\n\n<li><a href=\"https:\/\/www.roubaix-lapiscine.com\/\" data-type=\"link\" data-id=\"https:\/\/www.roubaix-lapiscine.com\/\">Mus\u00e9e de la Piscine<\/a> &#8211; Roubaix (59)<\/li>\n\n\n\n<li><a href=\"https:\/\/www.instagram.com\/reine.lesjolieschoses\/\" data-type=\"link\" data-id=\"https:\/\/www.instagram.com\/reine.lesjolieschoses\/\">Reine<\/a> &#8211; Sin le Noble (59)<\/li>\n\n\n\n<li><a href=\"https:\/\/www.instagram.com\/ricochets_concept_store\/\" data-type=\"link\" data-id=\"https:\/\/www.instagram.com\/ricochets_concept_store\/\">Ricochets<\/a> &#8211; Douai (59)<\/li>\n\n\n\n<li><a href=\"https:\/\/www.lesyeuxquipetillent.com\/\" data-type=\"link\" data-id=\"https:\/\/www.lesyeuxquipetillent.com\/\">Les yeux qui p\u00e9tillent<\/a> &#8211; Valencienne (59)<\/li>\n\n\n\n<li><a href=\"https:\/\/www.cite-dentelle.fr\/\" data-type=\"link\" data-id=\"https:\/\/www.cite-dentelle.fr\/\">Cit\u00e9 de la dentelle et de la mode<\/a> &#8211; Calais (62)<\/li>\n\n\n\n<li><a href=\"https:\/\/www.mylibrairie.fr\/63\/pontgibaud\/graviere-158539\" data-type=\"link\" data-id=\"https:\/\/www.mylibrairie.fr\/63\/pontgibaud\/graviere-158539\">Librairie Gravi\u00e8re<\/a> &#8211; Pontgibaub (63)<\/li>\n\n\n\n<li><a href=\"https:\/\/mercerieprimavera.fr\/\" data-type=\"link\" data-id=\"https:\/\/mercerieprimavera.fr\/\">Mercerie Primavera<\/a> &#8211; Morlaas (64)<\/li>\n\n\n\n<li><a href=\"https:\/\/www.lesjoliesgraines.com\/?utm_source=gmb\" data-type=\"link\" data-id=\"https:\/\/www.lesjoliesgraines.com\/?utm_source=gmb\">Les Jolies Graines<\/a> &#8211;  Claira (66)<\/li>\n\n\n\n<li><a href=\"https:\/\/www.librairie-kleber.com\/\" data-type=\"link\" data-id=\"https:\/\/www.librairie-kleber.com\/\">Librairie Kleber<\/a> &#8211; Strasbourg (67)<\/li>\n\n\n\n<li>Le bruit qui court &#8211; Kayserssberg (68)<\/li>\n\n\n\n<li><a href=\"https:\/\/pelote-fusette.fr\/\">Pelote et Fusette<\/a> &#8211; Tassin-La-Demi-Lune (69)<\/li>\n\n\n\n<li><a href=\"https:\/\/www.instagram.com\/lavalisedelise\/?hl=fr\" data-type=\"link\" data-id=\"https:\/\/www.instagram.com\/lavalisedelise\/?hl=fr\">La valise d&rsquo;Elise<\/a> &#8211; Lyon 4 (69)<\/li>\n\n\n\n<li><a href=\"https:\/\/www.instagram.com\/laferronnerie.tournus\/?hl=fr\" data-type=\"link\" data-id=\"https:\/\/www.instagram.com\/laferronnerie.tournus\/?hl=fr\">La Ferronnerie<\/a> &#8211; Tournus (71)<\/li>\n\n\n\n<li><a href=\"https:\/\/www.commerce-associe.fr\/enseigne-cooperative-annuaire\/super-u\/sas-ets-mercier-vinzier\" data-type=\"link\" data-id=\"https:\/\/www.commerce-associe.fr\/enseigne-cooperative-annuaire\/super-u\/sas-ets-mercier-vinzier\">Mercier (Super U)<\/a> &#8211; Vinzier (72)<\/li>\n\n\n\n<li><a href=\"https:\/\/www.carnavalet.paris.fr\/\" target=\"_blank\" rel=\"noreferrer noopener\">Mus\u00e9e Carnavalet<\/a> &#8211; Paris 3 (75)<\/li>\n\n\n\n<li><a href=\"https:\/\/www.lesethiquetes.fr\/?srsltid=AfmBOoozkHrVM5b_zC7IhHE1R6A7jHso96lyNEWRtBZqfLmaCtkBD2tV\" data-type=\"link\" data-id=\"https:\/\/www.lesethiquetes.fr\/?srsltid=AfmBOoozkHrVM5b_zC7IhHE1R6A7jHso96lyNEWRtBZqfLmaCtkBD2tV\">Les Ethiquet\u00e9s<\/a> &#8211; Paris 10 (75)<\/li>\n\n\n\n<li><a href=\"https:\/\/aujourdhui-demain.com\/\">Aujourd&rsquo;hui Demain<\/a> &#8211; Paris 11 (75)<\/li>\n\n\n\n<li><a href=\"https:\/\/check-planet.com\/\" data-type=\"link\" data-id=\"https:\/\/check-planet.com\/\">Check Planet<\/a> &#8211; Paris 12 (75)<\/li>\n\n\n\n<li><a href=\"https:\/\/www.atelier-leonie.fr\/\" target=\"_blank\" rel=\"noreferrer noopener\">L\u00e9onie Pique-Pique<\/a>&nbsp;&#8211; Paris 15 (75)<\/li>\n\n\n\n<li><a href=\"https:\/\/www.iletaitunefoisdixdoigts.com\/\">Il \u00e9tait une fois 10 Doigts<\/a> &#8211; Paris 15 (75)<\/li>\n\n\n\n<li><a href=\"https:\/\/www.calice-mandibule.fr\/\" data-type=\"link\" data-id=\"https:\/\/www.calice-mandibule.fr\/\">Calice et Mandibule<\/a> &#8211; Le Havre (76)<\/li>\n\n\n\n<li><a href=\"https:\/\/www.instagram.com\/lamalleauxtrouvailles\/\" data-type=\"link\" data-id=\"https:\/\/www.instagram.com\/lamalleauxtrouvailles\/\">La malle aux trouvailles<\/a> &#8211; Dieppe (76)<\/li>\n\n\n\n<li><a href=\"https:\/\/www.mercerie-homo-roussel-76.fr\/\" data-type=\"link\" data-id=\"https:\/\/www.mercerie-homo-roussel-76.fr\/\">Mercerie Homo-Roussel<\/a> &#8211; Rouen (76)<\/li>\n\n\n\n<li><a href=\"https:\/\/www.facebook.com\/lartistanat.lartistanat\/?locale=fr_FR\">L&rsquo;Artisanat<\/a> &#8211; Cr\u00e9cy en Ponthieu (80)<\/li>\n\n\n\n<li><a href=\"https:\/\/www.merceriefloriane.com\/\" data-type=\"link\" data-id=\"https:\/\/www.merceriefloriane.com\/\">Mercerie Floriane<\/a> &#8211; Castres (81)<\/li>\n\n\n\n<li>Mercerie Auguste &#8211; Rabastens (81)<\/li>\n\n\n\n<li><a href=\"https:\/\/rosemyrtille.com\/\">Rosemyrtille &#8211; <\/a>Bagnols en For\u00eat (83)<\/li>\n\n\n\n<li><a href=\"https:\/\/lesnonottes.com\/\">Les Nonottes<\/a> &#8211; Cabri\u00e8res d&rsquo;Avignon (84)<\/li>\n\n\n\n<li><a href=\"https:\/\/www.instagram.com\/kalatelobjettextile\/?hl=fr\" data-type=\"link\" data-id=\"https:\/\/www.instagram.com\/kalatelobjettextile\/?hl=fr\">Les Minutieuses<\/a> &#8211; Avignon (84)<\/li>\n\n\n\n<li><a href=\"https:\/\/www.instagram.com\/kalatelobjettextile\/?hl=fr\" data-type=\"link\" data-id=\"https:\/\/www.instagram.com\/kalatelobjettextile\/?hl=fr\">Kalate<\/a> &#8211; Avignon (84)<\/li>\n\n\n\n<li><a href=\"https:\/\/www.facebook.com\/Petalesetbrindilles\/\">P\u00e9tales &amp; Brindilles<\/a> &#8211; Les Herbiers (85)<\/li>\n\n\n\n<li><a href=\"https:\/\/www.facebook.com\/librairielautremondeavallon\/?locale=fr_FR\">L&rsquo;Autre Monde<\/a> &#8211; Avallon (89)<\/li>\n\n\n\n<li><a href=\"https:\/\/www.maisondecolette.fr\/\">La maison Colette<\/a> &#8211; Saint Sauveur en Pusaye (89)<\/li>\n\n\n\n<li><a rel=\"noreferrer noopener\" href=\"https:\/\/www.desfilsetuneaiguille.com\/\" target=\"_blank\">Des fils et une aiguille<\/a>&nbsp;&#8211; Janvry (91)<\/li>\n\n\n\n<li><a href=\"https:\/\/www.facebook.com\/byEmmabijoux\/?locale=fr_FR\" target=\"_blank\" rel=\"noreferrer noopener\">Le pop up by Emma<\/a> &#8211; Bois Colombes (92)<\/li>\n\n\n\n<li><a href=\"https:\/\/www.instagram.com\/camomille.mercerie\/?hl=fr\" data-type=\"link\" data-id=\"https:\/\/www.instagram.com\/camomille.mercerie\/?hl=fr\">Camomille Mercerie<\/a> &#8211; Clamart (92)<\/li>\n\n\n\n<li><a href=\"https:\/\/www.instagram.com\/nenette_boutique.creative\/\" data-type=\"link\" data-id=\"https:\/\/www.instagram.com\/nenette_boutique.creative\/\">Nenette<\/a> &#8211; Puteaux (92)<\/li>\n\n\n\n<li><a href=\"https:\/\/femediycafe.fr\/\">Fe.M\u00e9 diycaf\u00e9<\/a> &#8211; Romainville (93)<\/li>\n\n\n\n<li>R\u00eaves de f\u00e9es &#8211; Alforville (94)<\/li>\n<\/ul>\n\n\n\n<h5 class=\"wp-block-heading\"><strong>In Belgium &#8211; En Belgique :<\/strong><\/h5>\n\n\n\n<ul class=\"wp-block-list\">\n<li><a href=\"https:\/\/www.6octobre-embourg.com\/\" data-type=\"link\" data-id=\"https:\/\/www.6octobre-embourg.com\/\">6 octobre<\/a> &#8211; Embourg<\/li>\n\n\n\n<li><a href=\"https:\/\/www.instagram.com\/boutiquedescreateursspa\/\" data-type=\"link\" data-id=\"https:\/\/www.instagram.com\/boutiquedescreateursspa\/\">La Boutique des Cr\u00e9ateurs<\/a> &#8211; Spa<\/li>\n\n\n\n<li><a href=\"https:\/\/wonderfriends.be\/\" data-type=\"link\" data-id=\"https:\/\/wonderfriends.be\/\">WonderFriends<\/a> &#8211; Charleroi<\/li>\n<\/ul>\n\n\n\n<h5 class=\"wp-block-heading\"><strong>In Spain &#8211; En Espagne :<\/strong><\/h5>\n\n\n\n<ul class=\"wp-block-list\">\n<li>Maspapeles &#8211; Cadiz<\/li>\n<\/ul>\n\n\n\n<h5 class=\"wp-block-heading\"><strong>In Danemark &#8211; Au Danemark :<\/strong><\/h5>\n\n\n\n<ul class=\"wp-block-list\">\n<li><a href=\"https:\/\/xn--sorkunstmuseum-sqb.dk\/en\/\" data-type=\"link\" data-id=\"https:\/\/xn--sorkunstmuseum-sqb.dk\/en\/\">Soro Art Museum<\/a> &#8211; Soro<\/li>\n<\/ul>\n\n\n\n<h5 class=\"wp-block-heading\"><strong>In Italy &#8211; En Italie :<\/strong><\/h5>\n\n\n\n<ul class=\"wp-block-list\">\n<li><a href=\"https:\/\/www.instagram.com\/a_mareelba\/\" data-type=\"link\" data-id=\"https:\/\/www.instagram.com\/a_mareelba\/\">Amare<\/a> &#8211; Portoferraio<\/li>\n\n\n\n<li><a href=\"https:\/\/latod.love\/\" data-type=\"link\" data-id=\"https:\/\/latod.love\/\">Libreria Lato D<\/a> &#8211; Milano<\/li>\n<\/ul>\n\n\n\n<h5 class=\"wp-block-heading\"><strong>In Germany &#8211; En Allemagne&nbsp;:<\/strong><\/h5>\n\n\n\n<ul class=\"wp-block-list\">\n<li><a rel=\"noreferrer noopener\" href=\"https:\/\/www.instagram.com\/rothbild.shop\/?hl=fr\" target=\"_blank\">Rothbild shop<\/a>&nbsp;&#8211; D\u00fcsseldorf<\/li>\n\n\n\n<li>ZurBlume &#8211; M\u00fcnchen<\/li>\n<\/ul>\n\n\n\n<h5 class=\"wp-block-heading\"><strong>In Switzerland &#8211; En Suisse :<\/strong><\/h5>\n\n\n\n<ul class=\"wp-block-list\">\n<li>Monukyio &#8211; Sion<\/li>\n\n\n\n<li><a href=\"https:\/\/www.chillon.ch\/\" data-type=\"link\" data-id=\"https:\/\/www.chillon.ch\/\">Chateau Chillon<\/a> &#8211; Veytaux<\/li>\n<\/ul>\n\n\n\n<h5 class=\"wp-block-heading\"><strong>In United Kingdom &#8211; Au Royaume-Uni :<\/strong><\/h5>\n\n\n\n<ul class=\"wp-block-list\">\n<li><a href=\"https:\/\/missgingers.co.uk\/\" data-type=\"link\" data-id=\"https:\/\/missgingers.co.uk\/\">Miss Gingers<\/a> &#8211; Folkestone<\/li>\n<\/ul>\n\n\n\n<h5 class=\"wp-block-heading\"><strong>In Ireland &#8211; En Irlande :<\/strong><\/h5>\n\n\n\n<ul class=\"wp-block-list\">\n<li><a href=\"https:\/\/www.instagram.com\/buntingfairy\/?hl=fr\">Bunting Fairy <\/a>&#8211; Kilkenny<\/li>\n<\/ul>\n\n\n\n<h5 class=\"wp-block-heading\"><strong>In Netherlands &#8211; Aux Pays-Bas :<\/strong><\/h5>\n\n\n\n<ul class=\"wp-block-list\">\n<li><a href=\"https:\/\/www.facebook.com\/DaphnesDiaryEnglish\/\">Daphne&rsquo;s Diary &#8211; Hilversum<\/a><\/li>\n\n\n\n<li>Vasari BV WINKEL &#8211; Amsterdam<\/li>\n\n\n\n<li><a href=\"https:\/\/kidkat.nl\/\" data-type=\"link\" data-id=\"https:\/\/kidkat.nl\/\">Kid Kat<\/a> &#8211; Vooburg<\/li>\n<\/ul>\n\n\n\n<h5 class=\"wp-block-heading\"><strong>In Austria &#8211; En Autriche :<\/strong><\/h5>\n\n\n\n<ul class=\"wp-block-list\">\n<li><a href=\"https:\/\/www.maschenwerkstatt.at\/de\/\" data-type=\"link\" data-id=\"https:\/\/www.maschenwerkstatt.at\/de\/\">Maschenwerkstatt OG<\/a> &#8211; Graz<\/li>\n<\/ul>\n\n\n\n<h5 class=\"wp-block-heading\"><strong>In Hungary &#8211; En Hongrie :<\/strong><\/h5>\n\n\n\n<ul class=\"wp-block-list\">\n<li>Katalog Bt &#8211; Budapest<\/li>\n<\/ul>\n\n\n\n<h5 class=\"wp-block-heading\"><strong>In Australia &#8211; En Australie :<\/strong><\/h5>\n\n\n\n<ul class=\"wp-block-list\">\n<li>IMAN\u00c9 &#8211; Melbourne<\/li>\n<\/ul>\n\n\n\n<h5 class=\"wp-block-heading\"><strong>In USA &#8211; Aux \u00c9tats-Unis :<\/strong><\/h5>\n\n\n\n<ul class=\"wp-block-list\">\n<li><a href=\"https:\/\/thelittlegreenstore.net\/\">The Little Green Store<\/a> &#8211; Huntsville (AL)<\/li>\n\n\n\n<li><a href=\"https:\/\/www.rabbitrowyarns.com\/?srsltid=AfmBOopfQTIZ2R3hW_5TEFGkQqN8rD5PaLwg-gC0T4X81nTijV9GB00u\" data-type=\"link\" data-id=\"https:\/\/www.rabbitrowyarns.com\/?srsltid=AfmBOopfQTIZ2R3hW_5TEFGkQqN8rD5PaLwg-gC0T4X81nTijV9GB00u\">Rabbit Row Yarns<\/a> &#8211; Corning (NY) <\/li>\n<\/ul>\n\n\n\n<h5 class=\"wp-block-heading\"><strong>In South Correa &#8211; En Cor\u00e9e du Sud :<\/strong><\/h5>\n\n\n\n<ul class=\"wp-block-list\">\n<li><a href=\"https:\/\/www.instagram.com\/monjardinetmamaison\/\" data-type=\"link\" data-id=\"https:\/\/www.instagram.com\/monjardinetmamaison\/\">Mon Jardin Ma maison<\/a> &#8211; IKSAN city<\/li>\n<\/ul>\n\n\n\n<h2 class=\"wp-block-heading\">Contactez moi<\/h2>\n\n\n<p>Pour me contacter, merci de passer par le formulaire de contact accessible en bas de page.<\/p>\n<p>Vous pouvez aussi me retrouver sur ma page Facebook&nbsp; <a href=\"https:\/\/www.facebook.com\/thecomptoir\/?ref=bookmarks\">ici.<\/a><\/p>\n<p>ou sur Instagram&nbsp; <a href=\"https:\/\/www.instagram.com\/thecomptoir\/\" target=\"_blank\" rel=\"noopener noreferrer\">ici.<\/a><\/p>","protected":false},"excerpt":{"rendered":"<p>\u00c0 propos de moi Je m&rsquo;appelle Elise, je suis la cr\u00e9atrice derri\u00e8re TheComptoir. Je suis fran\u00e7aise et j&rsquo;ai pass\u00e9e 5 ans, de 2015 \u00e0 2020, aux \u00c9tat-Unis o\u00f9 mon entreprise [&hellip;]<\/p>\n","protected":false},"author":3,"featured_media":6534,"parent":0,"menu_order":0,"comment_status":"closed","ping_status":"closed","template":"","meta":{"jetpack_post_was_ever_published":false,"footnotes":""},"class_list":["post-2","page","type-page","status-publish","has-post-thumbnail","hentry"],"jetpack_sharing_enabled":true,"jetpack_shortlink":"https:\/\/wp.me\/P9jR0i-2","_links":{"self":[{"href":"https:\/\/thecomptoir.com\/fr\/wp-json\/wp\/v2\/pages\/2","targetHints":{"allow":["GET"]}}],"collection":[{"href":"https:\/\/thecomptoir.com\/fr\/wp-json\/wp\/v2\/pages"}],"about":[{"href":"https:\/\/thecomptoir.com\/fr\/wp-json\/wp\/v2\/types\/page"}],"author":[{"embeddable":true,"href":"https:\/\/thecomptoir.com\/fr\/wp-json\/wp\/v2\/users\/3"}],"replies":[{"embeddable":true,"href":"https:\/\/thecomptoir.com\/fr\/wp-json\/wp\/v2\/comments?post=2"}],"version-history":[{"count":23,"href":"https:\/\/thecomptoir.com\/fr\/wp-json\/wp\/v2\/pages\/2\/revisions"}],"predecessor-version":[{"id":9330,"href":"https:\/\/thecomptoir.com\/fr\/wp-json\/wp\/v2\/pages\/2\/revisions\/9330"}],"wp:featuredmedia":[{"embeddable":true,"href":"https:\/\/thecomptoir.com\/fr\/wp-json\/wp\/v2\/media\/6534"}],"wp:attachment":[{"href":"https:\/\/thecomptoir.com\/fr\/wp-json\/wp\/v2\/media?parent=2"}],"curies":[{"name":"wp","href":"https:\/\/api.w.org\/{rel}","templated":true}]}}